{"id":1826,"date":"2022-12-21T09:09:16","date_gmt":"2022-12-21T08:09:16","guid":{"rendered":"https:\/\/3d-innowacje.pl\/sklep\/?post_type=product&#038;p=1826"},"modified":"2023-03-22T10:33:14","modified_gmt":"2023-03-22T09:33:14","slug":"robot-bojowy-battle-droid-b1-star-wars","status":"publish","type":"product","link":"http:\/\/3d-innowacje.pl\/sklep\/produkt\/bez-kategorii\/robot-bojowy-battle-droid-b1-star-wars\/","title":{"rendered":"Robot bojowy BATTLE DROID B1 Star Wars"},"content":{"rendered":"<p><span class=\"HwtZe\" lang=\"pl\"><span class=\"jCAhz ChMk0b\"><span class=\"ryNqvb\">Droidy bojowe serii B1 by\u0142y najcz\u0119\u015bciej u\u017cywanymi droidami bojowymi produkowanymi przez Baktoid Combat Automata i Baktoid Armor Workshop.<\/span><\/span> <span class=\"jCAhz ChMk0b\"><span class=\"ryNqvb\">Mimo \u017ce by\u0142y produkowane i wdra\u017cane na szerok\u0105 skal\u0119, droid bojowy z serii B1 by\u0142 s\u0142abo zaprojektowany i \u0142atwy do zniszczenia, a prawdziwy sukces odni\u00f3s\u0142 tylko w znacznej, przyt\u0142aczaj\u0105cej liczbie. Przedmiotem sprzeda\u017cy jest kit zawieraj\u0105cy wszystkie elementy drukowane do monta\u017cu robota w skali 1:1. Elementy zosta\u0142y wykonane w technologii druku 3D. Do zestawu do\u0142\u0105czona jest instrukcja monta\u017cu.<br \/>\n<\/span><\/span><\/span><\/p>\n<p>Przed zakupem prosimy o kontakt celem ustalenia koloru oraz terminu realizacji!<\/p>\n","protected":false},"excerpt":{"rendered":"<p><span class=\"HwtZe\" lang=\"pl\"><span class=\"jCAhz ChMk0b\"><span class=\"ryNqvb\">Przedmiotem sprzeda\u017cy jest kit zawieraj\u0105cy wszystkie elementy drukowane do monta\u017cu robota\u00a0 B1 Model wykonany w skali 1:1. Elementy zosta\u0142y wykonane w technologii druku 3D. Do zestawu do\u0142\u0105czona jest instrukcja monta\u017cu. <\/span><\/span><\/span><\/p>\n","protected":false},"featured_media":1830,"comment_status":"open","ping_status":"closed","template":"","meta":[],"product_brand":[],"product_cat":[15],"product_tag":[167,168,166],"class_list":{"0":"post-1826","1":"product","2":"type-product","3":"status-publish","4":"has-post-thumbnail","6":"product_cat-bez-kategorii","7":"product_tag-b1","8":"product_tag-battle-droid","9":"product_tag-star-wars","11":"first","12":"instock","13":"taxable","14":"shipping-taxable","15":"purchasable","16":"product-type-simple"},"_links":{"self":[{"href":"http:\/\/3d-innowacje.pl\/sklep\/wp-json\/wp\/v2\/product\/1826","targetHints":{"allow":["GET"]}}],"collection":[{"href":"http:\/\/3d-innowacje.pl\/sklep\/wp-json\/wp\/v2\/product"}],"about":[{"href":"http:\/\/3d-innowacje.pl\/sklep\/wp-json\/wp\/v2\/types\/product"}],"replies":[{"embeddable":true,"href":"http:\/\/3d-innowacje.pl\/sklep\/wp-json\/wp\/v2\/comments?post=1826"}],"wp:featuredmedia":[{"embeddable":true,"href":"http:\/\/3d-innowacje.pl\/sklep\/wp-json\/wp\/v2\/media\/1830"}],"wp:attachment":[{"href":"http:\/\/3d-innowacje.pl\/sklep\/wp-json\/wp\/v2\/media?parent=1826"}],"wp:term":[{"taxonomy":"product_brand","embeddable":true,"href":"http:\/\/3d-innowacje.pl\/sklep\/wp-json\/wp\/v2\/product_brand?post=1826"},{"taxonomy":"product_cat","embeddable":true,"href":"http:\/\/3d-innowacje.pl\/sklep\/wp-json\/wp\/v2\/product_cat?post=1826"},{"taxonomy":"product_tag","embeddable":true,"href":"http:\/\/3d-innowacje.pl\/sklep\/wp-json\/wp\/v2\/product_tag?post=1826"}],"curies":[{"name":"wp","href":"https:\/\/api.w.org\/{rel}","templated":true}]}}