{"id":300,"date":"2021-09-06T10:49:38","date_gmt":"2021-09-06T08:49:38","guid":{"rendered":"http:\/\/www.3d-innowacje.pl\/sklep\/?post_type=product&#038;p=300"},"modified":"2022-09-01T14:42:28","modified_gmt":"2022-09-01T12:42:28","slug":"zebatki-mechanizmu-roznicowego-el63-castel-garden-stiga","status":"publish","type":"product","link":"http:\/\/3d-innowacje.pl\/sklep\/produkt\/wydruki-3d\/dom-i-ogrod\/czesci\/zebatki-mechanizmu-roznicowego-el63-castel-garden-stiga\/","title":{"rendered":"Z\u0119batki mechanizmu r\u00f3\u017cnicowego EL63 Castel Garden Stiga Mounfield &#8211; dyferencja\u0142"},"content":{"rendered":"<p>Komplet naprawczy z\u0119batek mechanizmu r\u00f3\u017cnicowego kt\u00f3re pasuj\u0105 do traktork\u00f3w z grupy :<\/p>\n<p>Castelgarden,<\/p>\n<p>Stiga,<\/p>\n<p>Mounfield Ect.<\/p>\n<p>W komplecie 4 sztuki nowych z\u0119batek.<\/p>\n<p>Pasuj\u0105 mi\u0119dzy innymi do modeli kosiarek:<\/p>\n<p>Garden Compact,<\/p>\n<p>Garden Compact E,<\/p>\n<p>725M,<\/p>\n<p>HTE 63,<\/p>\n<p>Garden Compact Ethanol,<\/p>\n<p>R25M,<\/p>\n<p>SR6365,<\/p>\n<p>SR6365E,<\/p>\n<p>635M,<\/p>\n<p>HT63,<\/p>\n<p>EL63 \/ EL63 M<\/p>\n<p>Ma\u0142e z\u0119batka:<\/p>\n<p>\u015brednica zewn\u0119trzna 43 mm<\/p>\n<p>\u015brednica wewn\u0119trzna 13 mm<\/p>\n<p>grubo\u015b\u0107 13 mm<\/p>\n<p>Du\u017ca z\u0119batka:<\/p>\n<p>\u015brednica zewn\u0119trzna 54 mm<\/p>\n<p>\u015brednica wewn\u0119trzna 20 mm<\/p>\n<p>grubo\u015b\u0107 14 mm<\/p>\n<p>Orygina\u0142 niezb\u0119dny do naprawy dyferencja\u0142u. W zestawie zawarte s\u0105 podk\u0142adki do regulacji luzu mi\u0119dzyz\u0119bnego.<\/p>\n","protected":false},"excerpt":{"rendered":"<p>Komplet z\u0119batek do naprawy mechanizmu r\u00f3\u017cnicowego kosiarki EL 63 i podobnych. Cz\u0119\u015b\u0107 oryginalna! W zestawie zawarte s\u0105 r\u00f3wnie\u017c podk\u0142adki regulacyjne!<\/p>\n","protected":false},"featured_media":301,"comment_status":"open","ping_status":"closed","template":"","meta":[],"product_brand":[],"product_cat":[75,53],"product_tag":[145,148,155,157,156,158,147,146],"class_list":{"0":"post-300","1":"product","2":"type-product","3":"status-publish","4":"has-post-thumbnail","6":"product_cat-czesci","7":"product_cat-dom-i-ogrod","8":"product_tag-castel-garden","9":"product_tag-castelgarden","10":"product_tag-dyferencjal","11":"product_tag-el63m","12":"product_tag-elv63","13":"product_tag-mechanizm-roznicowy","14":"product_tag-mounfield","15":"product_tag-stiga","17":"first","18":"instock","19":"taxable","20":"shipping-taxable","21":"purchasable","22":"product-type-simple"},"_links":{"self":[{"href":"http:\/\/3d-innowacje.pl\/sklep\/wp-json\/wp\/v2\/product\/300","targetHints":{"allow":["GET"]}}],"collection":[{"href":"http:\/\/3d-innowacje.pl\/sklep\/wp-json\/wp\/v2\/product"}],"about":[{"href":"http:\/\/3d-innowacje.pl\/sklep\/wp-json\/wp\/v2\/types\/product"}],"replies":[{"embeddable":true,"href":"http:\/\/3d-innowacje.pl\/sklep\/wp-json\/wp\/v2\/comments?post=300"}],"wp:featuredmedia":[{"embeddable":true,"href":"http:\/\/3d-innowacje.pl\/sklep\/wp-json\/wp\/v2\/media\/301"}],"wp:attachment":[{"href":"http:\/\/3d-innowacje.pl\/sklep\/wp-json\/wp\/v2\/media?parent=300"}],"wp:term":[{"taxonomy":"product_brand","embeddable":true,"href":"http:\/\/3d-innowacje.pl\/sklep\/wp-json\/wp\/v2\/product_brand?post=300"},{"taxonomy":"product_cat","embeddable":true,"href":"http:\/\/3d-innowacje.pl\/sklep\/wp-json\/wp\/v2\/product_cat?post=300"},{"taxonomy":"product_tag","embeddable":true,"href":"http:\/\/3d-innowacje.pl\/sklep\/wp-json\/wp\/v2\/product_tag?post=300"}],"curies":[{"name":"wp","href":"https:\/\/api.w.org\/{rel}","templated":true}]}}