{"id":2,"date":"2021-01-02T09:47:17","date_gmt":"2021-01-02T09:47:17","guid":{"rendered":"http:\/\/www.3d-innowacje.pl\/sklep\/?page_id=2"},"modified":"2022-03-30T14:53:11","modified_gmt":"2022-03-30T12:53:11","slug":"sample-page","status":"publish","type":"page","link":"https:\/\/3d-innowacje.pl\/sklep\/sample-page\/","title":{"rendered":"O nas"},"content":{"rendered":"\r\n<p><span>Nasz park zawiera\u00a0 <\/span><strong><span>drukarki 3D FDM,<\/span><\/strong><span> \u00a0kt\u00f3re mog\u0105 pomie\u015bci\u0107 cz\u0119\u015bci o wymiarach 35 x 35 x 40 cm, a tak\u017ce <\/span><strong><span>drukarki 3D SLA<\/span><\/strong><span> zdolne do wykonywania cz\u0119\u015bci o wymiarach 19 x 12 x 20 cm.<\/span><\/p>\r\n<p><span>Projekty wymagaj\u0105ce druku 3D o wi\u0119kszych rozmiarach b\u0119d\u0105 drukowane w wielu cz\u0119\u015bciach, a nast\u0119pnie sklejane. Proces ten w \u017caden spos\u00f3b nie zmienia trwa\u0142o\u015bci drukowanych cz\u0119\u015bci, ale umo\u017cliwia tworzenie modeli o dowolnych rozmiarach.<\/span><\/p>\r\n<p><span>Posiadamy ponad 20 drukarek, kt\u00f3re s\u0105 w stanie pracowa\u0107 z r\u00f3\u017cnymi materia\u0142ami, takimi jak bardzo klasyczne\u00a0 <\/span><strong><span>PLA<\/span><\/strong><span>\u00a0\u00a0i\u00a0\u00a0<\/span><strong><span>ABS<\/span><\/strong><span>\u00a0, ale mog\u0105 r\u00f3wnie\u017c wytwarza\u0107 cz\u0119\u015bci z\u00a0\u00a0<\/span><strong><span>PETG<\/span><\/strong><span>\u00a0,\u00a0\u00a0<\/span><strong><span>nylonu<\/span><\/strong><span>\u00a0,\u00a0\u00a0<\/span><strong><span>elastycznego TPU<\/span><\/strong><span>\u00a0 lub innych mniej popularnych materia\u0142\u00f3w.<\/span><br \/><span>Oferujemy r\u00f3wnie\u017c kilka rodzaj\u00f3w\u00a0<\/span><strong><span>\u017cywic UV<\/span><\/strong><span>\u00a0takich jak \u017cywice\u00a0<\/span><strong><span>standardowe<\/span><\/strong><span>\u00a0,\u00a0<\/span><strong><span>ABS Like<\/span><\/strong><span>\u00a0czy\u00a0<\/span><strong><span>elastyczne<\/span><\/strong><span>\u00a0.\u00a0W razie potrzeby mo\u017cliwe jest r\u00f3wnie\u017c wykonanie projekt\u00f3w z\u00a0<\/span><strong><span>technicznymi<\/span><\/strong><span>\u00a0\u017cywicami, takimi jak na przyk\u0142ad \u017cywice dentystyczne\u2026<\/span><\/p>\r\n<p id=\"block-71526801-6918-4e41-9c75-be1952c7d2c3\">Strona jest platform\u0105 umo\u017cliwiaj\u0105c\u0105 szybk\u0105 realizacj\u0119 zam\u00f3wie\u0144 klient\u00f3w, bez zb\u0119dnych op\u00f3\u017anie\u0144 wynikaj\u0105cych z proces\u00f3w zwi\u0105zanych z ofertowaniem zam\u00f3wie\u0144.<\/p>\r\n\r\n\r\n\r\n<p id=\"block-58757263-54ca-47ff-ad0e-c50971d6c972\">Naszym priorytetem jest mo\u017cliwie szybka realizacja zlece\u0144. Dzi\u0119ki automatyzacji wycen, jeste\u015bmy w stanie natychmiastowo przedstawi\u0107 nasz\u0105 ofert\u0119 24h na dob\u0119.<\/p>\r\n\r\n\r\n\r\n<p id=\"block-6333c19b-500f-4c37-9c71-e3f17077648b\">W przypadku niejasno\u015bci lub problematycznych zlece\u0144 jeste\u015bmy oczywi\u015bcie do Pa\u0144stwa dyspozycji. Ch\u0119tnie doradzamy w zakresie stosowanych technologii\/ materia\u0142\u00f3w bazuj\u0105c na naszym do\u015bwiadczeniu.<\/p>\r\n\r\n\r\n\r\n<p id=\"block-2b6f8086-532f-4546-a429-af8db156ff9c\">Druk 3D na zam\u00f3wienie w naszej drukarni to gwarancja atrakcyjnej ceny i szybkiej realizacji. Znajdujemy si\u0119 w niewielkiej odleg\u0142o\u015bci od Warszawy dzi\u0119ki czemu mo\u017cliwy jest r\u00f3wnie\u017c osobisty odbi\u00f3r wydruk\u00f3w.<\/p>\r\n\r\n\r\n\r\n<p id=\"block-a919661b-ee00-4161-b980-2d03551a8443\">Kontakt i konsultacje: Tel. (+48) 737 182 075 <a href=\"http:\/\/www.3d-innowacje.pl\/sklep\/index.php\/kontakt\/\" data-type=\"URL\" data-id=\"http:\/\/www.3d-innowacje.pl\/sklep\/index.php\/kontakt\/\">Formularz kontaktowy<\/a><\/p>\r\n\r\n\r\n\r\n<p>Adres odbioru: Ka\u0142\u0119czyn ul. Radziejowicka 206M 05-825 Grodzisk Mazowiecki<\/p>\r\n\r\n\r\n\r\n<p>&nbsp;<\/p>\r\n","protected":false},"excerpt":{"rendered":"<p>Nasz park zawiera\u00a0 drukarki 3D FDM, \u00a0kt\u00f3re mog\u0105 pomie\u015bci\u0107 cz\u0119\u015bci o wymiarach 35 x 35 x 40 cm, a tak\u017ce drukarki 3D SLA zdolne do wykonywania cz\u0119\u015bci o wymiarach 19 x 12 x 20 cm. Projekty wymagaj\u0105ce druku 3D o wi\u0119kszych rozmiarach b\u0119d\u0105 drukowane w wielu cz\u0119\u015bciach, a nast\u0119pnie sklejane.&hellip; <\/p>\n","protected":false},"author":1,"featured_media":0,"parent":0,"menu_order":0,"comment_status":"closed","ping_status":"open","template":"","meta":{"footnotes":""},"class_list":["post-2","page","type-page","status-publish","hentry"],"_links":{"self":[{"href":"https:\/\/3d-innowacje.pl\/sklep\/wp-json\/wp\/v2\/pages\/2","targetHints":{"allow":["GET"]}}],"collection":[{"href":"https:\/\/3d-innowacje.pl\/sklep\/wp-json\/wp\/v2\/pages"}],"about":[{"href":"https:\/\/3d-innowacje.pl\/sklep\/wp-json\/wp\/v2\/types\/page"}],"author":[{"embeddable":true,"href":"https:\/\/3d-innowacje.pl\/sklep\/wp-json\/wp\/v2\/users\/1"}],"replies":[{"embeddable":true,"href":"https:\/\/3d-innowacje.pl\/sklep\/wp-json\/wp\/v2\/comments?post=2"}],"version-history":[{"count":8,"href":"https:\/\/3d-innowacje.pl\/sklep\/wp-json\/wp\/v2\/pages\/2\/revisions"}],"predecessor-version":[{"id":1355,"href":"https:\/\/3d-innowacje.pl\/sklep\/wp-json\/wp\/v2\/pages\/2\/revisions\/1355"}],"wp:attachment":[{"href":"https:\/\/3d-innowacje.pl\/sklep\/wp-json\/wp\/v2\/media?parent=2"}],"curies":[{"name":"wp","href":"https:\/\/api.w.org\/{rel}","templated":true}]}}