{"id":67,"date":"2021-01-04T12:38:20","date_gmt":"2021-01-04T11:38:20","guid":{"rendered":"http:\/\/www.3d-innowacje.pl\/sklep\/?page_id=67"},"modified":"2025-09-23T11:40:10","modified_gmt":"2025-09-23T09:40:10","slug":"kontakt","status":"publish","type":"page","link":"https:\/\/3d-innowacje.pl\/sklep\/kontakt\/","title":{"rendered":"Kontakt"},"content":{"rendered":"\r\n<h1>KONTAKT<\/h1>\r\n<p>Zapraszamy do kontaktu telefonicznego : Tel. (+48) 737 182 075<\/p>\r\n\r\n\r\n\r\n<p>Odbi\u00f3r osobisty: Ka\u0142\u0119czyn, ul. Radziejowicka 206M, 05-825 Grodzisk Maz.<\/p>\r\n<p>Godziny pracy od poniedzia\u0142ku do pi\u0105tku: 7.00 &#8211; 15.00<\/p>\r\n\r\n\r\n\r\n<p><strong>Formularz kontaktowy<\/strong><\/p>\r\n\r\n\r\n\r\n\n<div class=\"wpcf7 no-js\" id=\"wpcf7-f77-o1\" lang=\"pl-PL\" dir=\"ltr\" data-wpcf7-id=\"77\">\n<div class=\"screen-reader-response\"><p role=\"status\" aria-live=\"polite\" aria-atomic=\"true\"><\/p> <ul><\/ul><\/div>\n<form action=\"\/sklep\/wp-json\/wp\/v2\/pages\/67#wpcf7-f77-o1\" method=\"post\" class=\"wpcf7-form init\" aria-label=\"Formularz kontaktowy\" enctype=\"multipart\/form-data\" novalidate=\"novalidate\" data-status=\"init\">\n<fieldset class=\"hidden-fields-container\"><input type=\"hidden\" name=\"_wpcf7\" value=\"77\" \/><input type=\"hidden\" name=\"_wpcf7_version\" value=\"6.1.5\" \/><input type=\"hidden\" name=\"_wpcf7_locale\" value=\"pl_PL\" \/><input type=\"hidden\" name=\"_wpcf7_unit_tag\" value=\"wpcf7-f77-o1\" \/><input type=\"hidden\" name=\"_wpcf7_container_post\" value=\"0\" \/><input type=\"hidden\" name=\"_wpcf7_posted_data_hash\" value=\"\" \/>\n<\/fieldset>\n<p><label> Imi\u0119<br \/>\n<span class=\"wpcf7-form-control-wrap\" data-name=\"your-name\"><input size=\"40\" maxlength=\"400\" class=\"wpcf7-form-control wpcf7-text wpcf7-validates-as-required\" aria-required=\"true\" aria-invalid=\"false\" value=\"\" type=\"text\" name=\"your-name\" \/><\/span> <\/label>\n<\/p>\n<p><label> Email<br \/>\n<span class=\"wpcf7-form-control-wrap\" data-name=\"your-email\"><input size=\"40\" maxlength=\"400\" class=\"wpcf7-form-control wpcf7-email wpcf7-validates-as-required wpcf7-text wpcf7-validates-as-email\" aria-required=\"true\" aria-invalid=\"false\" value=\"\" type=\"email\" name=\"your-email\" \/><\/span> <\/label>\n<\/p>\n<p><label> Temat<br \/>\n<span class=\"wpcf7-form-control-wrap\" data-name=\"your-subject\"><input size=\"40\" maxlength=\"400\" class=\"wpcf7-form-control wpcf7-text wpcf7-validates-as-required\" aria-required=\"true\" aria-invalid=\"false\" value=\"\" type=\"text\" name=\"your-subject\" \/><\/span> <\/label>\n<\/p>\n<p><label> Twoja wiadomo\u015b\u0107 (opcja)<br \/>\n<span class=\"wpcf7-form-control-wrap\" data-name=\"your-message\"><textarea cols=\"40\" rows=\"10\" maxlength=\"2000\" class=\"wpcf7-form-control wpcf7-textarea\" aria-invalid=\"false\" name=\"your-message\"><\/textarea><\/span> <\/label>\n<\/p>\n<p>Obs\u0142ugiwane formaty plik\u00f3w: *.stl *.zip *.rar *.jpg *.bmp<br \/>\n<span class=\"wpcf7-form-control-wrap\" data-name=\"file-649\"><input size=\"40\" class=\"wpcf7-form-control wpcf7-file\" accept=\".jpeg,.jpg,.bmp,.gif,.stl,.zip,.rar,.png\" aria-invalid=\"false\" type=\"file\" name=\"file-649\" \/><\/span>\n<\/p>\n<p><span class=\"wpcf7-form-control-wrap\" data-name=\"quiz-231\"><label><span class=\"wpcf7-quiz-label\">Ile to jest 10+20=?<\/span> <input size=\"40\" class=\"wpcf7-form-control wpcf7-quiz\" autocomplete=\"off\" aria-required=\"true\" aria-invalid=\"false\" type=\"text\" name=\"quiz-231\" \/><\/label><input type=\"hidden\" name=\"_wpcf7_quiz_answer_quiz-231\" value=\"49640800b586edba9d023fd44fb557e8\" \/><\/span>\n<\/p>\n<p><input class=\"wpcf7-form-control wpcf7-submit has-spinner\" type=\"submit\" value=\"Wy\u015blij\" \/>\n<\/p><input type='hidden' class='wpcf7-pum' value='{\"closepopup\":false,\"closedelay\":0,\"openpopup\":false,\"openpopup_id\":0}' \/><div class=\"wpcf7-response-output\" aria-hidden=\"true\"><\/div>\n<\/form>\n<\/div>\n\r\n","protected":false},"excerpt":{"rendered":"<p>KONTAKT Zapraszamy do kontaktu telefonicznego : Tel. (+48) 737 182 075 Odbi\u00f3r osobisty: Ka\u0142\u0119czyn, ul. Radziejowicka 206M, 05-825 Grodzisk Maz. Godziny pracy od poniedzia\u0142ku do pi\u0105tku: 7.00 &#8211; 15.00 Formularz kontaktowy<\/p>\n","protected":false},"author":1,"featured_media":0,"parent":0,"menu_order":0,"comment_status":"closed","ping_status":"closed","template":"page-templates\/shoppingcart-template.php","meta":{"footnotes":""},"class_list":["post-67","page","type-page","status-publish","hentry"],"_links":{"self":[{"href":"https:\/\/3d-innowacje.pl\/sklep\/wp-json\/wp\/v2\/pages\/67","targetHints":{"allow":["GET"]}}],"collection":[{"href":"https:\/\/3d-innowacje.pl\/sklep\/wp-json\/wp\/v2\/pages"}],"about":[{"href":"https:\/\/3d-innowacje.pl\/sklep\/wp-json\/wp\/v2\/types\/page"}],"author":[{"embeddable":true,"href":"https:\/\/3d-innowacje.pl\/sklep\/wp-json\/wp\/v2\/users\/1"}],"replies":[{"embeddable":true,"href":"https:\/\/3d-innowacje.pl\/sklep\/wp-json\/wp\/v2\/comments?post=67"}],"version-history":[{"count":9,"href":"https:\/\/3d-innowacje.pl\/sklep\/wp-json\/wp\/v2\/pages\/67\/revisions"}],"predecessor-version":[{"id":3380,"href":"https:\/\/3d-innowacje.pl\/sklep\/wp-json\/wp\/v2\/pages\/67\/revisions\/3380"}],"wp:attachment":[{"href":"https:\/\/3d-innowacje.pl\/sklep\/wp-json\/wp\/v2\/media?parent=67"}],"curies":[{"name":"wp","href":"https:\/\/api.w.org\/{rel}","templated":true}]}}