{"id":70,"date":"2021-01-04T14:04:06","date_gmt":"2021-01-04T13:04:06","guid":{"rendered":"http:\/\/www.3d-innowacje.pl\/sklep\/?page_id=70"},"modified":"2026-02-03T17:17:45","modified_gmt":"2026-02-03T16:17:45","slug":"zasady","status":"publish","type":"page","link":"https:\/\/3d-innowacje.pl\/sklep\/zasady\/","title":{"rendered":"Zasady"},"content":{"rendered":"\r\n<ol class=\"wp-block-list\" type=\"1\">\r\n<li>Prze\u015blij plik, kt\u00f3ry chcesz wydrukowa\u0107 w 3D, wybierz parametry i dodaj do koszyka. Je\u015bli nie masz do\u015bwiadczenia z drukiem 3D, to zalecamy prz\u0142es\u0142a\u0107 pliki do indywidualnej wyceny.<\/li>\r\n<li>Najta\u0144szym i preferowanym <strong>materia\u0142em<\/strong> z kt\u00f3rego drukujemy jest PLA.<\/li>\r\n<li>Domy\u015blnie drukujemy z filament\u00f3w na warstwie 0.2mm. Pami\u0119taj, \u017ce <strong>im ni\u017csza warstwa, tym \u0142adniejsza powierzchnia<\/strong>. Przy pionowych \u015bcianach nie ma to wi\u0119kszego znaczenia, ale przy nachylonych ju\u017c tak.<\/li>\r\n<li>Elementy drukowane w 3D wype\u0142niane s\u0105 w \u015brodku specjaln\u0105 konstrukcj\u0105 wspieraj\u0105c\u0105. G\u0119sto\u015b\u0107 tej struktury jest regulowana\u00a0 parametrem <strong>wype\u0142nienia<\/strong>. Modele z wype\u0142nieniem o g\u0119sto\u015bci 100% poch\u0142aniaj\u0105 bardzo du\u017co filamentu oraz czasu. Zazwyczaj nie wymagaj\u0105 na tyle du\u017co lepszych w\u0142a\u015bciwo\u015bci mechanicznych , by stosowa\u0107\u00a0 wype\u0142nienie 100%. Z drugiej strony je\u015bli zdecydujesz si\u0119 wydrukowa\u0107 model bez wype\u0142nienia, ryzykujesz os\u0142abieniem zewn\u0119trznej pow\u0142oki, mog\u0105 pojawi\u0107 si\u0119 w niej szczeliny lub nawet du\u017ce otwory. Zalecamy stosowanie wype\u0142nienia w zakresie 15 &#8211; 75%.<\/li>\r\n<li><strong>Na li\u015bcie materia\u0142\u00f3w znajduj\u0105 si\u0119 jedynie te<\/strong>, kt\u00f3rych zapas zawsze mamy na magazynie. Mamy r\u00f3wnie\u017c du\u017c\u0105 liczb\u0119 innych filament\u00f3w, r\u00f3wnie\u017c specjalistycznych.<\/li>\r\n<li>Je\u015bli kt\u00f3rykolwiek z Twoich modeli nie nadaje si\u0119 do druku lub b\u0119dzie z nim jaki\u015b problem, to je\u015bli go zauwa\u017cymy, to skontaktujemy si\u0119 z Tob\u0105 i poinformujemy Ci\u0119 o tym. We\u017a jednak pod uwag\u0119, \u017ce zamawiaj\u0105c poprzez automatyczn\u0105 wycen\u0119 otrzymasz druk na takich ustawieniach jakie wybra\u0142e\u015b. Nie ingerujemy w te zam\u00f3wienia i <strong>nie odpowiadamy za poprawno\u015b\u0107 przes\u0142anych modeli 3D<\/strong>.<\/li>\r\n<li>Je\u015bli nie masz zbyt du\u017cego do\u015bwiadczenia w druku, to zdecydowanie najlepsz\u0105 opcj\u0105 jest przes\u0142anie do nas e-maila z zapytaniem. Ch\u0119tnie pomo\u017cemy dobra\u0107 w\u0142a\u015bciw\u0105 technologi\u0119 i parametry.<\/li>\r\n<li>Pami\u0119taj, \u017ce uruchomienie Twojego zam\u00f3wienia oraz jego obs\u0142uga zajmuje czas. Z tego powodu minimalna kwota zam\u00f3wienia to 80z\u0142.<\/li>\r\n<li>Normalny czas realizacji druku 3D wynosi od 1 do 4 dni, ale zale\u017cy to od modeli i ich ilo\u015bci.<\/li>\r\n<li>Niekt\u00f3re wydruki 3D mog\u0105 mie\u0107 podpory, kt\u00f3re powinny by\u0107 usuni\u0119te po procesie druku. Wyst\u0119powanie podp\u00f3r ma wp\u0142yw na cen\u0119, poniewa\u017c wyd\u0142u\u017caj\u0105 one czas druku i zwi\u0119kszaj\u0105 ilo\u015b\u0107 zu\u017cytego materia\u0142u. Mimo to przy niekt\u00f3rych zam\u00f3wieniach s\u0105 niezb\u0119dne. Podstawowa us\u0142uga druku 3D nie obejmuje usuwania podp\u00f3r. Pozostawiamy to Tobie. Jest to prosta czynno\u015b\u0107, ale je\u015bli chcesz otrzyma\u0107 model ma &#8222;gotowo&#8221;, to mo\u017cesz wykupi\u0107 u nas t\u0119 dodatkow\u0105 us\u0142ug\u0119.<\/li>\r\n<li>Je\u015bli masz du\u017co plik\u00f3w do wydruku, prze\u015blij je spakowane zipem poprzez formularz kontaktowy. Zaoszcz\u0119dzi to Tobie du\u017co czasu, my zwrotnie prze\u015blemy Ci wycen\u0119.<\/li>\r\n<li>Po otrzymaniu zam\u00f3wienia poinformujemy Ci\u0119, gdy b\u0119dzie gotowe.<\/li>\r\n<li>Je\u015bli si\u0119 spieszysz, daj nam zna\u0107, a do\u0142o\u017cymy wszelkich stara\u0144, aby Twoje zam\u00f3wienie zosta\u0142o zrealizowane na czas.<\/li>\r\n<li>Je\u015bli masz kod rabatowy, mo\u017cesz zastosowa\u0107 zni\u017ck\u0119 <strong>przy kasie<\/strong>.<\/li>\r\n<\/ol>\r\n\r\n\r\n\r\n<p>Je\u015bli:<\/p>\r\n\r\n\r\n\r\n<ul class=\"wp-block-list\">\r\n<li>Chcesz nawi\u0105za\u0107 wsp\u00f3\u0142prac\u0119 B2B;<\/li>\r\n<li>Potrzebujesz inne parametry druku;<\/li>\r\n<li>Chcesz drukowa\u0107 z materia\u0142u kt\u00f3rego nie ma na li\u015bcie;<\/li>\r\n<li>Chcesz zleci\u0107 nietypowe zam\u00f3wienie;<\/li>\r\n<\/ul>\r\n\r\n\r\n\r\n<p>Napisz do nas przez <a href=\"http:\/\/www.3d-innowacje.pl\/sklep\/index.php\/kontakt\/\" data-type=\"URL\" data-id=\"http:\/\/www.3d-innowacje.pl\/sklep\/index.php\/kontakt\/\">formularz kontaktowy<\/a>.<\/p>\r\n","protected":false},"excerpt":{"rendered":"<p>Prze\u015blij plik, kt\u00f3ry chcesz wydrukowa\u0107 w 3D, wybierz parametry i dodaj do koszyka. Je\u015bli nie masz do\u015bwiadczenia z drukiem 3D, to zalecamy prz\u0142es\u0142a\u0107 pliki do indywidualnej wyceny. Najta\u0144szym i preferowanym materia\u0142em z kt\u00f3rego drukujemy jest PLA. Domy\u015blnie drukujemy z filament\u00f3w na warstwie 0.2mm. Pami\u0119taj, \u017ce im ni\u017csza warstwa, tym \u0142adniejsza&hellip; <\/p>\n","protected":false},"author":1,"featured_media":0,"parent":0,"menu_order":0,"comment_status":"closed","ping_status":"closed","template":"","meta":{"footnotes":""},"class_list":["post-70","page","type-page","status-publish","hentry"],"_links":{"self":[{"href":"https:\/\/3d-innowacje.pl\/sklep\/wp-json\/wp\/v2\/pages\/70","targetHints":{"allow":["GET"]}}],"collection":[{"href":"https:\/\/3d-innowacje.pl\/sklep\/wp-json\/wp\/v2\/pages"}],"about":[{"href":"https:\/\/3d-innowacje.pl\/sklep\/wp-json\/wp\/v2\/types\/page"}],"author":[{"embeddable":true,"href":"https:\/\/3d-innowacje.pl\/sklep\/wp-json\/wp\/v2\/users\/1"}],"replies":[{"embeddable":true,"href":"https:\/\/3d-innowacje.pl\/sklep\/wp-json\/wp\/v2\/comments?post=70"}],"version-history":[{"count":19,"href":"https:\/\/3d-innowacje.pl\/sklep\/wp-json\/wp\/v2\/pages\/70\/revisions"}],"predecessor-version":[{"id":3724,"href":"https:\/\/3d-innowacje.pl\/sklep\/wp-json\/wp\/v2\/pages\/70\/revisions\/3724"}],"wp:attachment":[{"href":"https:\/\/3d-innowacje.pl\/sklep\/wp-json\/wp\/v2\/media?parent=70"}],"curies":[{"name":"wp","href":"https:\/\/api.w.org\/{rel}","templated":true}]}}