{"id":1158,"date":"2021-12-20T12:39:14","date_gmt":"2021-12-20T11:39:14","guid":{"rendered":"https:\/\/www.3d-innowacje.pl\/sklep\/?post_type=product&#038;p=1158"},"modified":"2024-12-09T18:32:33","modified_gmt":"2024-12-09T17:32:33","slug":"pla-filament-plexiwire-175-mm-czarny-0-9kg-300m","status":"publish","type":"product","link":"https:\/\/3d-innowacje.pl\/sklep\/produkt\/materialy-do-druku\/filamenty\/pla-filament-plexiwire-175-mm-czarny-0-9kg-300m\/","title":{"rendered":"PLA Filament Plexiwire 1,75 mm Czarny 0.9kg\/300m"},"content":{"rendered":"<div class=\"mpof_ki myre_zn myre_8v_l _0d3bd_YrWCD\">\n<div class=\"mp4t_16_s mryx_16_s mr3m_1 mli2_1 mh85_56 mh85_0_l\">\n<div class=\"mgn2_16 _0d3bd_5pK0q\">\n<p><b>Filament:\u00a0 Plexiwire PLA<\/b><\/p>\n<p>Plexiwire PLA to kolejny z najpopularniejszych filament\u00f3w w dziedzinie druku 3D.<\/p>\n<p>Ze wzgl\u0119du na swoje w\u0142a\u015bciwo\u015bci, jest coraz cz\u0119\u015bciej wykorzystywany do zada\u0144 podstawowych( modelowania, projektowania i prototypowania).<\/p>\n<p>Jest to materia\u0142 biodegradowalny, wykonany z odnawialnych produkt\u00f3w ro\u015blinnych, takich jak kukurydza. W druku jest nietoksyczny i bezwonny. Ze wzgl\u0119du na \u0142atwo\u015b\u0107 drukowania PLA jest idealn\u0105 propozycj\u0105 dla nie do\u015bwiadczonych pasjonat\u00f3w druku 3D oraz dzieci, kt\u00f3re dopiero zaczynaj\u0105 poznawa\u0107 mo\u017cliwo\u015bci filament\u00f3w.<\/p>\n<p>Mimo to, wed\u0142ug ekspert\u00f3w PLA jest profesjonalnym filamentem, idealnym do drukowania modeli o skomplikowanych detalach i wyj\u0105tkowo g\u0142adkiej powierzchni. Nie jest on mo\u017ce tak mocny jak ABS, ale jest r\u00f3wnie\u017c wystarczaj\u0105co sztywny, aby wydrukowa\u0107 precyzyjne cz\u0119\u015bci wytrzyma\u0142e na okre\u015blone obci\u0105\u017cenia.<\/p>\n<p>Wszystko to osi\u0105gni\u0119to dzi\u0119ki temu, \u017ce filament charakteryzuje si\u0119\u00a0 wysok\u0105 przyczepno\u015bci\u0105\u00a0 mi\u0119dzywarstwow\u0105 oraz\u00a0 minimalnym wsp\u00f3\u0142czynnikiem skurczu, dzi\u0119ki czemu mo\u017cna go u\u017cywa\u0107 na sto\u0142ach bez ogrzewania.<\/p>\n<p><b>Charakterystyka PLA:<\/b><\/p>\n<ul>\n<li>Producent: Plexiwire.<\/li>\n<li>Materia\u0142: PLA.<\/li>\n<li>\u015arednica filamentu: 1,75 mm.<\/li>\n<li>D\u0142ugo\u015b\u0107: 300 metr\u00f3w (+5 metrow filamentu gratis do prob).<\/li>\n<li>Waga netto: 900 g.<\/li>\n<li>Kolor: Czarny.<\/li>\n<li>Temperatura ekstrudera: 205\u00b0\u0421-220\u00b0\u0421.<\/li>\n<li>Temperatura sto\u0142u: 40\u00b0\u0421-60\u00b0\u0421.<\/li>\n<li>Opakowanie: pude\u0142ko kartonowe.<\/li>\n<li>Zabezpieczenie: hermetycznie opakowanie z osuszaczem w \u015brodku.<\/li>\n<\/ul>\n<\/div>\n<\/div>\n<div class=\"mp4t_16_s mryx_16_s mr3m_1 mli2_1 mh85_56 mh85_0_l\">\n<div class=\"mg9e_8 mg9e_0_s mvrt_0_s mj7a_8 mj7a_0_s mh36_0_s mzmg_6m munh_16_l m3h2_16_l\">\n<div class=\"mp4t_0 mryx_0 munh_56 m3h2_56\">\n<div class=\"mp7g_oh\"><img decoding=\"async\" class=\"msub_k4 mupj_5k mjru_k4 mse2_k4 mp7g_f6 mq1m_0 mj7u_0 m7er_k4 lazyloaded\" src=\"https:\/\/a.allegroimg.com\/original\/1120c0\/7ec725d2448fbc0cf07fde4957e5\/PLA-Filament-Plexiwire-1-75-mm-Czarny-900g-300m-EAN-0731716460573\" sizes=\"(min-width: 1200px) 560px, (min-width: 992px) 50vw, 100vw\" srcset=\"https:\/\/a.allegroimg.com\/s360\/1120c0\/7ec725d2448fbc0cf07fde4957e5\/PLA-Filament-Plexiwire-1-75-mm-Czarny-900g-300m-EAN-0731716460573 360w,https:\/\/a.allegroimg.com\/s720\/1120c0\/7ec725d2448fbc0cf07fde4957e5\/PLA-Filament-Plexiwire-1-75-mm-Czarny-900g-300m-EAN-0731716460573 720w,https:\/\/a.allegroimg.com\/s1024\/1120c0\/7ec725d2448fbc0cf07fde4957e5\/PLA-Filament-Plexiwire-1-75-mm-Czarny-900g-300m-EAN-0731716460573 1024w,https:\/\/a.allegroimg.com\/s1440\/1120c0\/7ec725d2448fbc0cf07fde4957e5\/PLA-Filament-Plexiwire-1-75-mm-Czarny-900g-300m-EAN-0731716460573 1440w,https:\/\/a.allegroimg.com\/original\/1120c0\/7ec725d2448fbc0cf07fde4957e5\/PLA-Filament-Plexiwire-1-75-mm-Czarny-900g-300m-EAN-0731716460573 1800w\" alt=\"PLA Filament Plexiwire 1,75 mm Czarny 900g\/300m EAN 0731716460573\" width=\"1800px\" data-src=\"https:\/\/a.allegroimg.com\/original\/1120c0\/7ec725d2448fbc0cf07fde4957e5\/PLA-Filament-Plexiwire-1-75-mm-Czarny-900g-300m-EAN-0731716460573\" data-srcset=\"https:\/\/a.allegroimg.com\/s360\/1120c0\/7ec725d2448fbc0cf07fde4957e5\/PLA-Filament-Plexiwire-1-75-mm-Czarny-900g-300m-EAN-0731716460573 360w,https:\/\/a.allegroimg.com\/s720\/1120c0\/7ec725d2448fbc0cf07fde4957e5\/PLA-Filament-Plexiwire-1-75-mm-Czarny-900g-300m-EAN-0731716460573 720w,https:\/\/a.allegroimg.com\/s1024\/1120c0\/7ec725d2448fbc0cf07fde4957e5\/PLA-Filament-Plexiwire-1-75-mm-Czarny-900g-300m-EAN-0731716460573 1024w,https:\/\/a.allegroimg.com\/s1440\/1120c0\/7ec725d2448fbc0cf07fde4957e5\/PLA-Filament-Plexiwire-1-75-mm-Czarny-900g-300m-EAN-0731716460573 1440w,https:\/\/a.allegroimg.com\/original\/1120c0\/7ec725d2448fbc0cf07fde4957e5\/PLA-Filament-Plexiwire-1-75-mm-Czarny-900g-300m-EAN-0731716460573 1800w\" \/><\/div>\n<\/div>\n<\/div>\n<\/div>\n<\/div>\n<div class=\"mpof_ki myre_zn myre_8v_l _0d3bd_YrWCD\">\n<div class=\"mp4t_16_s mryx_16_s mr3m_1 mli2_1 mh85_56 mh85_0_l\">\n<div class=\"mgn2_16 _0d3bd_5pK0q\">\n<p><b>Zastosowanie<\/b><\/p>\n<p>W rzeczywisto\u015bci plastik PLA mo\u017ce by\u0107 u\u017cyty do drukowania prawie ka\u017cdej cz\u0119\u015bci, w tym te\u017c\u00a0 tych, do kt\u00f3rych zawsze stosowa\u0142e\u015b filament\u00a0 ABS. Idealnie nadaje si\u0119 do drukowania\u00a0 przedmiot\u00f3w wymagaj\u0105cych\u00a0 wysokiego poziomu bezpiecze\u0144stwa i nietoksyczno\u015bci materia\u0142u: zabawki dla dzieci, artyku\u0142y gospodarstwa domowego, elementy wystroju i wyposa\u017cenia wn\u0119trz, dzie\u0142a sztuki.PLA jest te\u017c\u00a0 bardzo popularny do stosowania w d\u0142ugopisach 3D.<\/p>\n<\/div>\n<\/div>\n<\/div>\n<div class=\"mpof_ki myre_zn myre_8v_l _0d3bd_YrWCD\">\n<div class=\"mp4t_16_s mryx_16_s mr3m_1 mli2_1 mh85_56 mh85_0_l\">\n<div class=\"mgn2_16 _0d3bd_5pK0q\">\n<p><b>Zalecenia dotycz\u0105ce drukowania PLA<\/b><\/p>\n<p>Dzi\u0119ki minimalnemu skurczowi filament ten idealnie nadaje si\u0119 do produkt\u00f3w, w kt\u00f3rych bardzo wa\u017cna jest dok\u0142adno\u015b\u0107 geometrii i zgodno\u015b\u0107 wymiar\u00f3w. Warto nie mie\u0107 ustawionej wentylacji podczas u\u017cywania PLA. Filament ten jest ca\u0142kowicie nieszkodliwy, nie wydziela \u017cadnych toksycznych substancji podczas topienia poniewa\u017c jest\u00a0 biodegradowalny i stworzony z naturalnych sk\u0142adnik\u00f3w.Dlatego polecany jest do stosowania w d\u0142ugopisach 3D oraz przy drukowaniu na drukarkach 3D z dzie\u0107mi.<\/p>\n<p>Wad\u0105 biodegradowalno\u015bci jest to, \u017ce lepiej nie u\u017cywa\u0107 produkt\u00f3w na zewn\u0105trz, gdy\u017c mog\u0105 si\u0119 szybko zniszczy\u0107.<\/p>\n<\/div>\n<\/div>\n<\/div>\n","protected":false},"excerpt":{"rendered":"<div class=\"mpof_ki myre_zn myre_8v_l _0d3bd_YrWCD\">\n<div class=\"mp4t_16_s mryx_16_s mr3m_1 mli2_1 mh85_56 mh85_0_l\">\n<div class=\"mgn2_16 _0d3bd_5pK0q\">\n<p>Plexiwire PLA to jeden z najpopularniejszych filament\u00f3w do druku 3D. Jest to materia\u0142 biodegradowalny, wykonany z odnawialnych produkt\u00f3w ro\u015blinnych, takich jak kukurydza. W druku jest nietoksyczny i bezwonny.<\/p>\n<\/div>\n<\/div>\n<\/div>\n<div class=\"mpof_ki myre_zn myre_8v_l _0d3bd_YrWCD\">\n<div class=\"mp4t_16_s mryx_16_s mr3m_1 mli2_1 mh85_56 mh85_0_l\">\n<div class=\"mgn2_16 _0d3bd_5pK0q\">\n<p>&nbsp;<\/p>\n<\/div>\n<\/div>\n<\/div>\n","protected":false},"featured_media":1159,"comment_status":"open","ping_status":"closed","template":"","meta":[],"product_brand":[],"product_cat":[17,128],"product_tag":[],"class_list":{"0":"post-1158","1":"product","2":"type-product","3":"status-publish","4":"has-post-thumbnail","6":"product_cat-filamenty","7":"product_cat-pla","9":"first","10":"instock","11":"taxable","12":"shipping-taxable","13":"purchasable","14":"product-type-simple"},"_links":{"self":[{"href":"https:\/\/3d-innowacje.pl\/sklep\/wp-json\/wp\/v2\/product\/1158","targetHints":{"allow":["GET"]}}],"collection":[{"href":"https:\/\/3d-innowacje.pl\/sklep\/wp-json\/wp\/v2\/product"}],"about":[{"href":"https:\/\/3d-innowacje.pl\/sklep\/wp-json\/wp\/v2\/types\/product"}],"replies":[{"embeddable":true,"href":"https:\/\/3d-innowacje.pl\/sklep\/wp-json\/wp\/v2\/comments?post=1158"}],"wp:featuredmedia":[{"embeddable":true,"href":"https:\/\/3d-innowacje.pl\/sklep\/wp-json\/wp\/v2\/media\/1159"}],"wp:attachment":[{"href":"https:\/\/3d-innowacje.pl\/sklep\/wp-json\/wp\/v2\/media?parent=1158"}],"wp:term":[{"taxonomy":"product_brand","embeddable":true,"href":"https:\/\/3d-innowacje.pl\/sklep\/wp-json\/wp\/v2\/product_brand?post=1158"},{"taxonomy":"product_cat","embeddable":true,"href":"https:\/\/3d-innowacje.pl\/sklep\/wp-json\/wp\/v2\/product_cat?post=1158"},{"taxonomy":"product_tag","embeddable":true,"href":"https:\/\/3d-innowacje.pl\/sklep\/wp-json\/wp\/v2\/product_tag?post=1158"}],"curies":[{"name":"wp","href":"https:\/\/api.w.org\/{rel}","templated":true}]}}