{"id":119,"date":"2021-01-06T17:33:16","date_gmt":"2021-01-06T16:33:16","guid":{"rendered":"http:\/\/www.3d-innowacje.pl\/sklep\/?post_type=product&#038;p=119"},"modified":"2021-09-06T07:56:54","modified_gmt":"2021-09-06T05:56:54","slug":"bransoletka","status":"publish","type":"product","link":"https:\/\/3d-innowacje.pl\/sklep\/produkt\/wydruki-3d\/bransoletka\/","title":{"rendered":"Bransoletka z \u017cywicy \u015bwiat\u0142oczu\u0142ej"},"content":{"rendered":"<p>Ta wyj\u0105tkowa bransoletka jest wykonana w technologii SLA druku 3D z \u017cywicy \u015bwiat\u0142oczu\u0142ej. Elegancka i a\u017curowa, jest lekka i dobrze trzyma si\u0119 na r\u0119ce. Podstawowe rozmiary wynosz\u0105: wysoko\u015b\u0107 nieco ponad 2cm, \u015brednica wewn\u0119trzna 6,5cm, grubo\u015b\u0107 \u015bcianki ok. 7mm.<\/p>\n","protected":false},"excerpt":{"rendered":"<p>Ta wyj\u0105tkowa bransoletka jest wykonana w technologii SLA druku 3D z \u017cywicy \u015bwiat\u0142oczu\u0142ej.<\/p>\n","protected":false},"featured_media":124,"comment_status":"open","ping_status":"closed","template":"","meta":[],"product_brand":[],"product_cat":[42],"product_tag":[68,67],"class_list":{"0":"post-119","1":"product","2":"type-product","3":"status-publish","4":"has-post-thumbnail","6":"product_cat-wydruki-3d","7":"product_tag-bizuteria","8":"product_tag-bransoletka","10":"first","11":"instock","12":"taxable","13":"shipping-taxable","14":"purchasable","15":"product-type-simple"},"_links":{"self":[{"href":"https:\/\/3d-innowacje.pl\/sklep\/wp-json\/wp\/v2\/product\/119","targetHints":{"allow":["GET"]}}],"collection":[{"href":"https:\/\/3d-innowacje.pl\/sklep\/wp-json\/wp\/v2\/product"}],"about":[{"href":"https:\/\/3d-innowacje.pl\/sklep\/wp-json\/wp\/v2\/types\/product"}],"replies":[{"embeddable":true,"href":"https:\/\/3d-innowacje.pl\/sklep\/wp-json\/wp\/v2\/comments?post=119"}],"wp:featuredmedia":[{"embeddable":true,"href":"https:\/\/3d-innowacje.pl\/sklep\/wp-json\/wp\/v2\/media\/124"}],"wp:attachment":[{"href":"https:\/\/3d-innowacje.pl\/sklep\/wp-json\/wp\/v2\/media?parent=119"}],"wp:term":[{"taxonomy":"product_brand","embeddable":true,"href":"https:\/\/3d-innowacje.pl\/sklep\/wp-json\/wp\/v2\/product_brand?post=119"},{"taxonomy":"product_cat","embeddable":true,"href":"https:\/\/3d-innowacje.pl\/sklep\/wp-json\/wp\/v2\/product_cat?post=119"},{"taxonomy":"product_tag","embeddable":true,"href":"https:\/\/3d-innowacje.pl\/sklep\/wp-json\/wp\/v2\/product_tag?post=119"}],"curies":[{"name":"wp","href":"https:\/\/api.w.org\/{rel}","templated":true}]}}