{"id":13,"date":"2021-01-02T10:57:35","date_gmt":"2021-01-02T09:57:35","guid":{"rendered":"http:\/\/www.3d-innowacje.pl\/sklep\/?post_type=product&#038;p=13"},"modified":"2021-09-06T07:57:54","modified_gmt":"2021-09-06T05:57:54","slug":"uchwyt-do-platformy-drukarki-anycubic-photon-i-myjki-ultradzwiekowej-2l","status":"publish","type":"product","link":"https:\/\/3d-innowacje.pl\/sklep\/produkt\/materialy-do-druku\/zywiceuv\/uchwyt-do-platformy-drukarki-anycubic-photon-i-myjki-ultradzwiekowej-2l\/","title":{"rendered":"Uchwyt do platformy drukarki Anycubic Photon i myjki ultrad\u017awi\u0119kowej 2l"},"content":{"rendered":"<p>Dzi\u0119ki temu stojakowi mo\u017cesz my\u0107 swoje wydruki w myjce bez zdejmowania ich z platformy. Rozwi\u0105zanie to zapewni Ci utrzymanie stanowiska w nale\u017cytej czysto\u015bci oraz przy\u015bpieszy prace.\u00a0 Wariant przystosowany do platform drukarek Photon oraz Photon S oraz myjki ultrad\u017awi\u0119kowej o pojemno\u015bci 2l.<\/p>\n","protected":false},"excerpt":{"rendered":"<p>Dzi\u0119ki temu stojakowi mo\u017cesz my\u0107 swoje wydruki w myjce bez zdejmowania ich z platformy.<\/p>\n<p>&nbsp;<\/p>\n","protected":false},"featured_media":15,"comment_status":"open","ping_status":"closed","template":"","meta":[],"product_brand":[],"product_cat":[16,18],"product_tag":[19,23,22,20,21],"class_list":{"0":"post-13","1":"product","2":"type-product","3":"status-publish","4":"has-post-thumbnail","6":"product_cat-akcesoria-do-druku-3d","7":"product_cat-zywiceuv","8":"product_tag-anycubic","9":"product_tag-druk-3d","10":"product_tag-myjka-ultradzwiekowa","11":"product_tag-photon","12":"product_tag-sla","14":"first","15":"instock","16":"taxable","17":"shipping-taxable","18":"purchasable","19":"product-type-simple"},"_links":{"self":[{"href":"https:\/\/3d-innowacje.pl\/sklep\/wp-json\/wp\/v2\/product\/13","targetHints":{"allow":["GET"]}}],"collection":[{"href":"https:\/\/3d-innowacje.pl\/sklep\/wp-json\/wp\/v2\/product"}],"about":[{"href":"https:\/\/3d-innowacje.pl\/sklep\/wp-json\/wp\/v2\/types\/product"}],"replies":[{"embeddable":true,"href":"https:\/\/3d-innowacje.pl\/sklep\/wp-json\/wp\/v2\/comments?post=13"}],"wp:featuredmedia":[{"embeddable":true,"href":"https:\/\/3d-innowacje.pl\/sklep\/wp-json\/wp\/v2\/media\/15"}],"wp:attachment":[{"href":"https:\/\/3d-innowacje.pl\/sklep\/wp-json\/wp\/v2\/media?parent=13"}],"wp:term":[{"taxonomy":"product_brand","embeddable":true,"href":"https:\/\/3d-innowacje.pl\/sklep\/wp-json\/wp\/v2\/product_brand?post=13"},{"taxonomy":"product_cat","embeddable":true,"href":"https:\/\/3d-innowacje.pl\/sklep\/wp-json\/wp\/v2\/product_cat?post=13"},{"taxonomy":"product_tag","embeddable":true,"href":"https:\/\/3d-innowacje.pl\/sklep\/wp-json\/wp\/v2\/product_tag?post=13"}],"curies":[{"name":"wp","href":"https:\/\/api.w.org\/{rel}","templated":true}]}}