{"id":1324,"date":"2022-03-09T08:59:29","date_gmt":"2022-03-09T07:59:29","guid":{"rendered":"https:\/\/www.3d-innowacje.pl\/sklep\/?post_type=product&#038;p=1324"},"modified":"2022-09-08T11:53:44","modified_gmt":"2022-09-08T09:53:44","slug":"podkladka-magnetyczna-pei-235x235-two-trees","status":"publish","type":"product","link":"https:\/\/3d-innowacje.pl\/sklep\/produkt\/czesci-do-drukarek-3d\/podkladka-magnetyczna-pei-235x235-two-trees\/","title":{"rendered":"Podk\u0142adka magnetyczna PEI 235&#215;235 TWO TREES"},"content":{"rendered":"<p>Wysokiej jako\u015bci podk\u0142adka magnetyczna z pow\u0142ok\u0105 PEI do druku 3D zapewniaj\u0105ca lepsz\u0105 przyczepno\u015b\u0107 wydruku do pod\u0142o\u017ca oraz umo\u017cliwiaj\u0105ca \u0142atwiejsze i szybsze zdejmowanie wydruk\u00f3w.<\/p>\n<p>Podk\u0142adka sk\u0142ada si\u0119 z dw\u00f3ch cz\u0119\u015bci przyklejanej do sto\u0142u cz\u0119\u015bci magnetycznej oraz elastycznej dwustronnej cz\u0119\u015bci adhezyjnej.<\/p>\n<p>Powierzchnia druku PEI zapewnia idealn\u0105 przyczepno\u015b\u0107.<\/p>\n<p>Mi\u0119kka powierzchnia magnetyczna mo\u017ce wytrzyma\u0107 130 \u2103.<\/p>\n<p>Nierdzewna stal spr\u0119\u017cynowa, dobra g\u0142adko\u015b\u0107, brak konieczno\u015bci u\u017cywania narz\u0119dzi do usuwania wydrukowanego modelu.<\/p>\n<p>Kr\u00f3tszy czas oczekiwania po wydrukowaniu.<\/p>\n<p>Pasuje do r\u00f3\u017cnych rodzaj\u00f3w filament\u00f3w, zw\u0142aszcza do PLA i ABS. W przypadku druku z PETG zaleca si\u0119 stosowanie dodatkowo preparatu np. C-stick. poniewa\u017c mo\u017ce ochroni\u0107 powierzchni\u0119 podk\u0142adki przed nadmiernym przyklejaniem si\u0119 PETG. Podk\u0142adk\u0119 nale\u017cy czy\u015bci\u0107 tylko przy pomocy IPA, u\u017cycie innego specyfiku mo\u017ce prowadzi\u0107 do uszkodzenia podk\u0142adki.<\/p>\n","protected":false},"excerpt":{"rendered":"<p>Wysokiej jako\u015bci podk\u0142adka magnetyczna z pow\u0142ok\u0105 PEI do druku 3D zapewniaj\u0105ca lepsz\u0105 przyczepno\u015b\u0107 wydruku do pod\u0142o\u017ca oraz umo\u017cliwiaj\u0105ca \u0142atwiejsze i szybsze zdejmowanie wydruk\u00f3w.<\/p>\n<p>Podk\u0142adka sk\u0142ada si\u0119 z dw\u00f3ch cz\u0119\u015bci przyklejanej do sto\u0142u cz\u0119\u015bci magnetycznej oraz elastycznej dwustronnej cz\u0119\u015bci adhezyjnej.<\/p>\n<p>Powierzchnia druku PEI mo\u017ce wytrzyma\u0107 wysok\u0105 temperatur\u0119 200 \u2103.<\/p>\n<p>Mi\u0119kka powierzchnia magnetyczna mo\u017ce wytrzyma\u0107 130 \u2103.<\/p>\n","protected":false},"featured_media":1606,"comment_status":"open","ping_status":"closed","template":"","meta":[],"product_brand":[],"product_cat":[87],"product_tag":[127,126],"class_list":{"0":"post-1324","1":"product","2":"type-product","3":"status-publish","4":"has-post-thumbnail","6":"product_cat-czesci-do-drukarek-3d","7":"product_tag-pei","8":"product_tag-podkladka-magnetyczna","10":"first","11":"instock","12":"taxable","13":"shipping-taxable","14":"purchasable","15":"product-type-simple"},"_links":{"self":[{"href":"https:\/\/3d-innowacje.pl\/sklep\/wp-json\/wp\/v2\/product\/1324","targetHints":{"allow":["GET"]}}],"collection":[{"href":"https:\/\/3d-innowacje.pl\/sklep\/wp-json\/wp\/v2\/product"}],"about":[{"href":"https:\/\/3d-innowacje.pl\/sklep\/wp-json\/wp\/v2\/types\/product"}],"replies":[{"embeddable":true,"href":"https:\/\/3d-innowacje.pl\/sklep\/wp-json\/wp\/v2\/comments?post=1324"}],"wp:featuredmedia":[{"embeddable":true,"href":"https:\/\/3d-innowacje.pl\/sklep\/wp-json\/wp\/v2\/media\/1606"}],"wp:attachment":[{"href":"https:\/\/3d-innowacje.pl\/sklep\/wp-json\/wp\/v2\/media?parent=1324"}],"wp:term":[{"taxonomy":"product_brand","embeddable":true,"href":"https:\/\/3d-innowacje.pl\/sklep\/wp-json\/wp\/v2\/product_brand?post=1324"},{"taxonomy":"product_cat","embeddable":true,"href":"https:\/\/3d-innowacje.pl\/sklep\/wp-json\/wp\/v2\/product_cat?post=1324"},{"taxonomy":"product_tag","embeddable":true,"href":"https:\/\/3d-innowacje.pl\/sklep\/wp-json\/wp\/v2\/product_tag?post=1324"}],"curies":[{"name":"wp","href":"https:\/\/api.w.org\/{rel}","templated":true}]}}