{"id":1573,"date":"2022-05-18T10:42:07","date_gmt":"2022-05-18T08:42:07","guid":{"rendered":"https:\/\/www.3d-innowacje.pl\/sklep\/?post_type=product&#038;p=1573"},"modified":"2023-02-24T11:54:18","modified_gmt":"2023-02-24T10:54:18","slug":"druk-3d-na-zamowienie-doplata","status":"publish","type":"product","link":"https:\/\/3d-innowacje.pl\/sklep\/produkt\/wydruki-3d\/druk-3d-na-zamowienie-doplata\/","title":{"rendered":"Druk 3d na zam\u00f3wienie"},"content":{"rendered":"<p>Druk 3D na podstawie wyceny przez e-mail lub dop\u0142ata do dodatkowej us\u0142ugi druku 3D. Dodaj do koszyka tyle produkt\u00f3w aby kwota\u00a0 by\u0142a r\u00f3wna zam\u00f3wionej us\u0142udze.<\/p>\n","protected":false},"excerpt":{"rendered":"<p>Druk 3D na podstawie wyceny przez e-mail lub dop\u0142ata do dodatkowej us\u0142ugi druku 3D. Dodaj do koszyka tyle produkt\u00f3w aby kwota\u00a0 by\u0142a r\u00f3wna zam\u00f3wionej us\u0142udze.<\/p>\n","protected":false},"featured_media":1574,"comment_status":"open","ping_status":"closed","template":"","meta":[],"product_brand":[],"product_cat":[42],"product_tag":[],"class_list":{"0":"post-1573","1":"product","2":"type-product","3":"status-publish","4":"has-post-thumbnail","6":"product_cat-wydruki-3d","8":"first","9":"instock","10":"taxable","11":"shipping-taxable","12":"purchasable","13":"product-type-simple"},"_links":{"self":[{"href":"https:\/\/3d-innowacje.pl\/sklep\/wp-json\/wp\/v2\/product\/1573","targetHints":{"allow":["GET"]}}],"collection":[{"href":"https:\/\/3d-innowacje.pl\/sklep\/wp-json\/wp\/v2\/product"}],"about":[{"href":"https:\/\/3d-innowacje.pl\/sklep\/wp-json\/wp\/v2\/types\/product"}],"replies":[{"embeddable":true,"href":"https:\/\/3d-innowacje.pl\/sklep\/wp-json\/wp\/v2\/comments?post=1573"}],"wp:featuredmedia":[{"embeddable":true,"href":"https:\/\/3d-innowacje.pl\/sklep\/wp-json\/wp\/v2\/media\/1574"}],"wp:attachment":[{"href":"https:\/\/3d-innowacje.pl\/sklep\/wp-json\/wp\/v2\/media?parent=1573"}],"wp:term":[{"taxonomy":"product_brand","embeddable":true,"href":"https:\/\/3d-innowacje.pl\/sklep\/wp-json\/wp\/v2\/product_brand?post=1573"},{"taxonomy":"product_cat","embeddable":true,"href":"https:\/\/3d-innowacje.pl\/sklep\/wp-json\/wp\/v2\/product_cat?post=1573"},{"taxonomy":"product_tag","embeddable":true,"href":"https:\/\/3d-innowacje.pl\/sklep\/wp-json\/wp\/v2\/product_tag?post=1573"}],"curies":[{"name":"wp","href":"https:\/\/api.w.org\/{rel}","templated":true}]}}