{"id":1622,"date":"2022-07-19T11:49:16","date_gmt":"2022-07-19T09:49:16","guid":{"rendered":"https:\/\/3d-innowacje.pl\/sklep\/?post_type=product&#038;p=1622"},"modified":"2022-07-19T11:49:16","modified_gmt":"2022-07-19T09:49:16","slug":"zebatka-do-regulacji-wysokosci-stolu-grubosciowki-firmy-stiller","status":"publish","type":"product","link":"https:\/\/3d-innowacje.pl\/sklep\/produkt\/wydruki-3d\/dom-i-ogrod\/czesci\/zebatka-do-regulacji-wysokosci-stolu-grubosciowki-firmy-stiller\/","title":{"rendered":"Z\u0119batka do regulacji wysoko\u015bci sto\u0142u grubo\u015bci\u00f3wki firmy Stiller"},"content":{"rendered":"<p>Zamiennik z\u0119batki do grubo\u015bci\u00f3wki firmy Stiller. Cz\u0119\u015b\u0107 wykonana w technologii druku 3D.<\/p>\n<p>\u015arednica zewn\u0119trzna: 42mm<\/p>\n<p>\u015arednica wewn\u0119trzna: 15mm<\/p>\n<p>Liczba z\u0119b\u00f3w: 17<\/p>\n","protected":false},"excerpt":{"rendered":"<p>Zamiennik z\u0119batki do grubo\u015bci\u00f3wki firmy Stiller. Cz\u0119\u015b\u0107 wykonana w technologii druku 3D.<\/p>\n<p>&nbsp;<\/p>\n","protected":false},"featured_media":1623,"comment_status":"open","ping_status":"closed","template":"","meta":[],"product_brand":[],"product_cat":[75,42],"product_tag":[160,161],"class_list":{"0":"post-1622","1":"product","2":"type-product","3":"status-publish","4":"has-post-thumbnail","6":"product_cat-czesci","7":"product_cat-wydruki-3d","8":"product_tag-stiller","9":"product_tag-zebatka-do-grubosciowki","11":"first","12":"instock","13":"taxable","14":"shipping-taxable","15":"purchasable","16":"product-type-simple"},"_links":{"self":[{"href":"https:\/\/3d-innowacje.pl\/sklep\/wp-json\/wp\/v2\/product\/1622","targetHints":{"allow":["GET"]}}],"collection":[{"href":"https:\/\/3d-innowacje.pl\/sklep\/wp-json\/wp\/v2\/product"}],"about":[{"href":"https:\/\/3d-innowacje.pl\/sklep\/wp-json\/wp\/v2\/types\/product"}],"replies":[{"embeddable":true,"href":"https:\/\/3d-innowacje.pl\/sklep\/wp-json\/wp\/v2\/comments?post=1622"}],"wp:featuredmedia":[{"embeddable":true,"href":"https:\/\/3d-innowacje.pl\/sklep\/wp-json\/wp\/v2\/media\/1623"}],"wp:attachment":[{"href":"https:\/\/3d-innowacje.pl\/sklep\/wp-json\/wp\/v2\/media?parent=1622"}],"wp:term":[{"taxonomy":"product_brand","embeddable":true,"href":"https:\/\/3d-innowacje.pl\/sklep\/wp-json\/wp\/v2\/product_brand?post=1622"},{"taxonomy":"product_cat","embeddable":true,"href":"https:\/\/3d-innowacje.pl\/sklep\/wp-json\/wp\/v2\/product_cat?post=1622"},{"taxonomy":"product_tag","embeddable":true,"href":"https:\/\/3d-innowacje.pl\/sklep\/wp-json\/wp\/v2\/product_tag?post=1622"}],"curies":[{"name":"wp","href":"https:\/\/api.w.org\/{rel}","templated":true}]}}