{"id":17,"date":"2021-01-02T11:08:57","date_gmt":"2021-01-02T11:08:57","guid":{"rendered":"http:\/\/www.3d-innowacje.pl\/sklep\/?post_type=product&#038;p=17"},"modified":"2022-11-24T10:09:32","modified_gmt":"2022-11-24T09:09:32","slug":"adapter-ociekacz-do-platformy-anycubic-photon","status":"publish","type":"product","link":"https:\/\/3d-innowacje.pl\/sklep\/produkt\/materialy-do-druku\/zywiceuv\/adapter-ociekacz-do-platformy-anycubic-photon\/","title":{"rendered":"Adapter &#8211; ociekacz do platformy Anycubic Photon"},"content":{"rendered":"<p>Ten adapter umo\u017cliwi szybkie sp\u0142yni\u0119cie nadmiaru \u017cywicy po zako\u0144czeniu druku. Pasuje do drukarek Anycubic Photon oraz Photon S. Element wykonany z materia\u0142u PLA w technologii druku 3D metod\u0105 FDM.<\/p>\n","protected":false},"excerpt":{"rendered":"<p>Prosty i skuteczny adapter do platform drukarek Photon i Photon S<\/p>\n","protected":false},"featured_media":19,"comment_status":"open","ping_status":"closed","template":"","meta":[],"product_brand":[],"product_cat":[18],"product_tag":[19,20,21],"class_list":{"0":"post-17","1":"product","2":"type-product","3":"status-publish","4":"has-post-thumbnail","6":"product_cat-zywiceuv","7":"product_tag-anycubic","8":"product_tag-photon","9":"product_tag-sla","11":"first","12":"instock","13":"taxable","14":"shipping-taxable","15":"purchasable","16":"product-type-simple"},"_links":{"self":[{"href":"https:\/\/3d-innowacje.pl\/sklep\/wp-json\/wp\/v2\/product\/17","targetHints":{"allow":["GET"]}}],"collection":[{"href":"https:\/\/3d-innowacje.pl\/sklep\/wp-json\/wp\/v2\/product"}],"about":[{"href":"https:\/\/3d-innowacje.pl\/sklep\/wp-json\/wp\/v2\/types\/product"}],"replies":[{"embeddable":true,"href":"https:\/\/3d-innowacje.pl\/sklep\/wp-json\/wp\/v2\/comments?post=17"}],"wp:featuredmedia":[{"embeddable":true,"href":"https:\/\/3d-innowacje.pl\/sklep\/wp-json\/wp\/v2\/media\/19"}],"wp:attachment":[{"href":"https:\/\/3d-innowacje.pl\/sklep\/wp-json\/wp\/v2\/media?parent=17"}],"wp:term":[{"taxonomy":"product_brand","embeddable":true,"href":"https:\/\/3d-innowacje.pl\/sklep\/wp-json\/wp\/v2\/product_brand?post=17"},{"taxonomy":"product_cat","embeddable":true,"href":"https:\/\/3d-innowacje.pl\/sklep\/wp-json\/wp\/v2\/product_cat?post=17"},{"taxonomy":"product_tag","embeddable":true,"href":"https:\/\/3d-innowacje.pl\/sklep\/wp-json\/wp\/v2\/product_tag?post=17"}],"curies":[{"name":"wp","href":"https:\/\/api.w.org\/{rel}","templated":true}]}}