{"id":1972,"date":"2023-05-18T15:57:21","date_gmt":"2023-05-18T13:57:21","guid":{"rendered":"https:\/\/3d-innowacje.pl\/sklep\/?post_type=product&#038;p=1972"},"modified":"2024-06-25T09:27:44","modified_gmt":"2024-06-25T07:27:44","slug":"okladzina-sprzegla-el63","status":"publish","type":"product","link":"https:\/\/3d-innowacje.pl\/sklep\/produkt\/wydruki-3d\/dom-i-ogrod\/okladzina-sprzegla-el63\/","title":{"rendered":"Ok\u0142adzina sprz\u0119g\u0142a no\u017ca EL63 Castelgarden Stiga"},"content":{"rendered":"<p>Ok\u0142adzina sprz\u0119g\u0142a no\u017ca do EL63 Castelgarden Stiga.<\/p>\n<p>Cz\u0119\u015b\u0107 umo\u017cliwia napraw\u0119 srz\u0119g\u0142a bez konieczno\u015bci kupywania nowego, kt\u00f3re kosztuje ponad 500z\u0142.<\/p>\n<p>Ok\u0142adzina powinna pasowa\u0107 r\u00f3wnie\u017c do innych urz\u0105dze\u0144 .<\/p>\n<p>Wymiary: 117x74x3mm<\/p>\n<p><img loading=\"lazy\" decoding=\"async\" class=\"alignnone size-medium wp-image-1973\" src=\"http:\/\/3d-innowacje.pl\/sklep\/wp-content\/uploads\/2023\/05\/images1000x700-300x225.webp\" alt=\"ok\u0142adzina sprz\u0119g\u0142a EL63\" width=\"300\" height=\"225\" srcset=\"https:\/\/3d-innowacje.pl\/sklep\/wp-content\/uploads\/2023\/05\/images1000x700-300x225.webp 300w, https:\/\/3d-innowacje.pl\/sklep\/wp-content\/uploads\/2023\/05\/images1000x700-768x576.webp 768w, https:\/\/3d-innowacje.pl\/sklep\/wp-content\/uploads\/2023\/05\/images1000x700-600x450.webp 600w, https:\/\/3d-innowacje.pl\/sklep\/wp-content\/uploads\/2023\/05\/images1000x700.webp 933w\" sizes=\"auto, (max-width: 300px) 100vw, 300px\" \/><\/p>\n<p>&nbsp;<\/p>\n<p>Castel Garden:<br \/>\nXE70, XE75, EL63, EL63M<br \/>\nMountfield:<br \/>\n625M, 725M<br \/>\nStiga:<br \/>\nGarden Compact<\/p>\n","protected":false},"excerpt":{"rendered":"<p>Ok\u0142adzina sprz\u0119g\u0142a no\u017ca EL63 Castelgarden Stiga<\/p>\n","protected":false},"featured_media":1973,"comment_status":"open","ping_status":"closed","template":"","meta":[],"product_brand":[],"product_cat":[53,75],"product_tag":[145,78,77,146,76],"class_list":{"0":"post-1972","1":"product","2":"type-product","3":"status-publish","4":"has-post-thumbnail","6":"product_cat-dom-i-ogrod","7":"product_cat-czesci","8":"product_tag-castel-garden","9":"product_tag-ciecie-laserem","10":"product_tag-kolo-zebate","11":"product_tag-stiga","12":"product_tag-zebatka","14":"first","15":"instock","16":"taxable","17":"shipping-taxable","18":"purchasable","19":"product-type-simple"},"_links":{"self":[{"href":"https:\/\/3d-innowacje.pl\/sklep\/wp-json\/wp\/v2\/product\/1972","targetHints":{"allow":["GET"]}}],"collection":[{"href":"https:\/\/3d-innowacje.pl\/sklep\/wp-json\/wp\/v2\/product"}],"about":[{"href":"https:\/\/3d-innowacje.pl\/sklep\/wp-json\/wp\/v2\/types\/product"}],"replies":[{"embeddable":true,"href":"https:\/\/3d-innowacje.pl\/sklep\/wp-json\/wp\/v2\/comments?post=1972"}],"wp:featuredmedia":[{"embeddable":true,"href":"https:\/\/3d-innowacje.pl\/sklep\/wp-json\/wp\/v2\/media\/1973"}],"wp:attachment":[{"href":"https:\/\/3d-innowacje.pl\/sklep\/wp-json\/wp\/v2\/media?parent=1972"}],"wp:term":[{"taxonomy":"product_brand","embeddable":true,"href":"https:\/\/3d-innowacje.pl\/sklep\/wp-json\/wp\/v2\/product_brand?post=1972"},{"taxonomy":"product_cat","embeddable":true,"href":"https:\/\/3d-innowacje.pl\/sklep\/wp-json\/wp\/v2\/product_cat?post=1972"},{"taxonomy":"product_tag","embeddable":true,"href":"https:\/\/3d-innowacje.pl\/sklep\/wp-json\/wp\/v2\/product_tag?post=1972"}],"curies":[{"name":"wp","href":"https:\/\/api.w.org\/{rel}","templated":true}]}}