{"id":21,"date":"2021-01-02T11:48:33","date_gmt":"2021-01-02T10:48:33","guid":{"rendered":"http:\/\/www.3d-innowacje.pl\/sklep\/?post_type=product&#038;p=21"},"modified":"2025-03-11T14:17:25","modified_gmt":"2025-03-11T13:17:25","slug":"wydruk-testowy","status":"publish","type":"product","link":"https:\/\/3d-innowacje.pl\/sklep\/produkt\/wydruki-3d\/wydruk-testowy\/","title":{"rendered":"Druk 3D na zam\u00f3wienie"},"content":{"rendered":"<p>W powy\u017cszym formularzu prze\u015blij model 3D w postaci pliku STL lub OBJ. Po wczytaniu pliku zobaczysz cen\u0119 za us\u0142ug\u0119 drukowania 3D. Wycena druku 3D jest zawsze aktualizowana, gdy zmienisz co\u015b w ustawieniach. Je\u015bli masz jakie\u015b pytania z g\u00f3ry, mo\u017cesz znale\u017a\u0107 pomoc w zak\u0142adce zasady. Je\u015bli chcesz, aby Tw\u00f3j wydruk 3D zosta\u0142 wykonany w spos\u00f3b niestandardowy lub jeste\u015b klientem biznesowym, to napisz do nas przez formularz kontaktowy.<\/p>\n<h1>Druk 3D na zam\u00f3wienie<\/h1>\n<p>A tak to dzia\u0142a:<\/p>\n<p>Wyszukaj plik .stl lub .obj na swoim komputerze (przycisk \u201eWczytaj model\u201d), a nast\u0119pnie prze\u015blij go (maks. 30 MB). Poczekaj, a\u017c analiza i optymalizacja zostan\u0105 zako\u0144czone (pasek \u0142adowania musi znikn\u0105\u0107), dopiero wtedy wy\u015bwietli si\u0119 poprawnie obliczona wycena druku 3D. Wybierz \u017c\u0105dany kolor (w przypadku r\u00f3\u017cnic cen suma zostanie automatycznie przeliczona) W razie potrzeby przeskaluj rozmiar ( cena jest automatycznie przeliczana). Je\u015bli wszystko si\u0119 zgadza umie\u015b\u0107 w koszyku i zam\u00f3w.<\/p>\n","protected":false},"excerpt":{"rendered":"<p>Zam\u00f3w wydruk 3D samodzielnie wczytuj\u0105c model 3D do okna po lewej stronie lub <a href=\"https:\/\/3d-innowacje.pl\/kontakt\/\">prze\u015blij do nas pliki do wyceny<\/a>.<\/p>\n","protected":false},"featured_media":38,"comment_status":"open","ping_status":"closed","template":"","meta":[],"product_brand":[],"product_cat":[42],"product_tag":[56,70,71,72,57],"class_list":{"0":"post-21","1":"product","2":"type-product","3":"status-publish","4":"has-post-thumbnail","6":"product_cat-wydruki-3d","7":"product_tag-druk-3d-na-zadanie","8":"product_tag-druk-3d-na-zamowienie","9":"product_tag-druk-3d-online","10":"product_tag-drukowanie-3d-na-zamowienie","11":"product_tag-stl","12":"pa_p3d_coating-all","13":"pa_p3d_cutting_instructions-all","14":"pa_p3d_filename-all","15":"pa_p3d_infill-all","16":"pa_p3d_material-all","17":"pa_p3d_model-all","18":"pa_p3d_original_url-all","19":"pa_p3d_printer-all","20":"pa_p3d_scale-all","21":"pa_p3d_unit-all","23":"first","24":"instock","25":"taxable","26":"shipping-taxable","27":"purchasable","28":"product-type-variable"},"_links":{"self":[{"href":"https:\/\/3d-innowacje.pl\/sklep\/wp-json\/wp\/v2\/product\/21","targetHints":{"allow":["GET"]}}],"collection":[{"href":"https:\/\/3d-innowacje.pl\/sklep\/wp-json\/wp\/v2\/product"}],"about":[{"href":"https:\/\/3d-innowacje.pl\/sklep\/wp-json\/wp\/v2\/types\/product"}],"replies":[{"embeddable":true,"href":"https:\/\/3d-innowacje.pl\/sklep\/wp-json\/wp\/v2\/comments?post=21"}],"wp:featuredmedia":[{"embeddable":true,"href":"https:\/\/3d-innowacje.pl\/sklep\/wp-json\/wp\/v2\/media\/38"}],"wp:attachment":[{"href":"https:\/\/3d-innowacje.pl\/sklep\/wp-json\/wp\/v2\/media?parent=21"}],"wp:term":[{"taxonomy":"product_brand","embeddable":true,"href":"https:\/\/3d-innowacje.pl\/sklep\/wp-json\/wp\/v2\/product_brand?post=21"},{"taxonomy":"product_cat","embeddable":true,"href":"https:\/\/3d-innowacje.pl\/sklep\/wp-json\/wp\/v2\/product_cat?post=21"},{"taxonomy":"product_tag","embeddable":true,"href":"https:\/\/3d-innowacje.pl\/sklep\/wp-json\/wp\/v2\/product_tag?post=21"}],"curies":[{"name":"wp","href":"https:\/\/api.w.org\/{rel}","templated":true}]}}