{"id":2272,"date":"2024-02-11T14:00:03","date_gmt":"2024-02-11T13:00:03","guid":{"rendered":"https:\/\/3d-innowacje.pl\/sklep\/?post_type=product&#038;p=2272"},"modified":"2024-02-11T14:00:03","modified_gmt":"2024-02-11T13:00:03","slug":"wieszak-na-kabel-ladowarki-auta-elektrycznego-typ2","status":"publish","type":"product","link":"https:\/\/3d-innowacje.pl\/sklep\/produkt\/wydruki-3d\/wieszak-na-kabel-ladowarki-auta-elektrycznego-typ2\/","title":{"rendered":"Wieszak na kabel \u0142adowarki auta elektrycznego typ2"},"content":{"rendered":"<p>Wieszak, uchwyt \u0142adowarki Typ 2 wyposa\u017cony w wygodny uchwyt do powieszenia kabla.<\/p>\n<p>Wykonany z trwa\u0142ego materia\u0142u w technologii druku 3D. Mo\u017cliwy jest druk w innym kolorze.<\/p>\n","protected":false},"excerpt":{"rendered":"<p>Wieszak, uchwyt \u0142adowarki Typ 2 wyposa\u017cony w wygodny uchwyt do powieszenia kabla. Wykonany z trwa\u0142ego materia\u0142u w technologii druku 3D. Mo\u017cliwy jest druk w innym kolorze.<\/p>\n","protected":false},"featured_media":2273,"comment_status":"open","ping_status":"closed","template":"","meta":[],"product_brand":[],"product_cat":[42,75],"product_tag":[144,142,173],"class_list":{"0":"post-2272","1":"product","2":"type-product","3":"status-publish","4":"has-post-thumbnail","6":"product_cat-wydruki-3d","7":"product_cat-czesci","8":"product_tag-ladowarka-ev","9":"product_tag-uchwyt-ladowarki-ev","10":"product_tag-uchwyt-typ2","12":"first","13":"instock","14":"taxable","15":"shipping-taxable","16":"purchasable","17":"product-type-simple"},"_links":{"self":[{"href":"https:\/\/3d-innowacje.pl\/sklep\/wp-json\/wp\/v2\/product\/2272","targetHints":{"allow":["GET"]}}],"collection":[{"href":"https:\/\/3d-innowacje.pl\/sklep\/wp-json\/wp\/v2\/product"}],"about":[{"href":"https:\/\/3d-innowacje.pl\/sklep\/wp-json\/wp\/v2\/types\/product"}],"replies":[{"embeddable":true,"href":"https:\/\/3d-innowacje.pl\/sklep\/wp-json\/wp\/v2\/comments?post=2272"}],"wp:featuredmedia":[{"embeddable":true,"href":"https:\/\/3d-innowacje.pl\/sklep\/wp-json\/wp\/v2\/media\/2273"}],"wp:attachment":[{"href":"https:\/\/3d-innowacje.pl\/sklep\/wp-json\/wp\/v2\/media?parent=2272"}],"wp:term":[{"taxonomy":"product_brand","embeddable":true,"href":"https:\/\/3d-innowacje.pl\/sklep\/wp-json\/wp\/v2\/product_brand?post=2272"},{"taxonomy":"product_cat","embeddable":true,"href":"https:\/\/3d-innowacje.pl\/sklep\/wp-json\/wp\/v2\/product_cat?post=2272"},{"taxonomy":"product_tag","embeddable":true,"href":"https:\/\/3d-innowacje.pl\/sklep\/wp-json\/wp\/v2\/product_tag?post=2272"}],"curies":[{"name":"wp","href":"https:\/\/api.w.org\/{rel}","templated":true}]}}