{"id":265,"date":"2021-07-15T13:06:44","date_gmt":"2021-07-15T11:06:44","guid":{"rendered":"http:\/\/www.3d-innowacje.pl\/sklep\/?post_type=product&#038;p=265"},"modified":"2021-07-15T13:06:44","modified_gmt":"2021-07-15T11:06:44","slug":"kolczyki-w-ksztalcie-lisci","status":"publish","type":"product","link":"https:\/\/3d-innowacje.pl\/sklep\/produkt\/wydruki-3d\/bizuteria-wydruki-3d\/kolczyki-w-ksztalcie-lisci\/","title":{"rendered":"Kolczyki w kszta\u0142cie li\u015bci"},"content":{"rendered":"<p>Lekki i wyj\u0105tkowy zestaw: para kolczyk\u00f3w\u00a0 oraz zawieszka do naszyjnika w kszta\u0142cie li\u015bci. Zawieszka jest w tym samym kszta\u0142cie, co kolczyki, ale jest wi\u0119ksza. Bi\u017cuteria ta jest wydrukowana w technologii FDM z filamentu PLA, dzi\u0119ki czemu produkt jest lekki i nie obci\u0105\u017ca uszu.<\/p>\n<p>Oferujemy kilka kszta\u0142t\u00f3w i wiele kolor\u00f3w, co pozwala dopasowa\u0107 ten zestaw do swoich potrzeb.<\/p>\n<p>Kolczyki sprzedajemy ju\u017c z haczykami, natomiast w zestawie nie ma \u0142a\u0144cuszka.<\/p>\n","protected":false},"excerpt":{"rendered":"<p>Wyj\u0105tkowy zestaw lekkich kolczyk\u00f3w i zawieszki do naszyjnika w kszta\u0142cie li\u015bci.<\/p>\n","protected":false},"featured_media":268,"comment_status":"open","ping_status":"closed","template":"","meta":[],"product_brand":[],"product_cat":[74],"product_tag":[],"class_list":{"0":"post-265","1":"product","2":"type-product","3":"status-publish","4":"has-post-thumbnail","6":"product_cat-bizuteria-wydruki-3d","8":"first","9":"instock","10":"taxable","11":"shipping-taxable","12":"purchasable","13":"product-type-simple"},"_links":{"self":[{"href":"https:\/\/3d-innowacje.pl\/sklep\/wp-json\/wp\/v2\/product\/265","targetHints":{"allow":["GET"]}}],"collection":[{"href":"https:\/\/3d-innowacje.pl\/sklep\/wp-json\/wp\/v2\/product"}],"about":[{"href":"https:\/\/3d-innowacje.pl\/sklep\/wp-json\/wp\/v2\/types\/product"}],"replies":[{"embeddable":true,"href":"https:\/\/3d-innowacje.pl\/sklep\/wp-json\/wp\/v2\/comments?post=265"}],"wp:featuredmedia":[{"embeddable":true,"href":"https:\/\/3d-innowacje.pl\/sklep\/wp-json\/wp\/v2\/media\/268"}],"wp:attachment":[{"href":"https:\/\/3d-innowacje.pl\/sklep\/wp-json\/wp\/v2\/media?parent=265"}],"wp:term":[{"taxonomy":"product_brand","embeddable":true,"href":"https:\/\/3d-innowacje.pl\/sklep\/wp-json\/wp\/v2\/product_brand?post=265"},{"taxonomy":"product_cat","embeddable":true,"href":"https:\/\/3d-innowacje.pl\/sklep\/wp-json\/wp\/v2\/product_cat?post=265"},{"taxonomy":"product_tag","embeddable":true,"href":"https:\/\/3d-innowacje.pl\/sklep\/wp-json\/wp\/v2\/product_tag?post=265"}],"curies":[{"name":"wp","href":"https:\/\/api.w.org\/{rel}","templated":true}]}}