{"id":2670,"date":"2024-04-19T12:44:51","date_gmt":"2024-04-19T10:44:51","guid":{"rendered":"https:\/\/3d-innowacje.pl\/sklep\/?post_type=product&#038;p=2670"},"modified":"2025-09-29T09:35:21","modified_gmt":"2025-09-29T07:35:21","slug":"teknofibra-tasma-samoprzylepna-rozne-grubosci","status":"publish","type":"product","link":"https:\/\/3d-innowacje.pl\/sklep\/produkt\/materialy-termo-izolacyjne\/teknofibra-tasma-samoprzylepna-rozne-grubosci\/","title":{"rendered":"TEKNOFIBRA ta\u015bma do zabezpieczania kraw\u0119dzi &#8211; 5mb"},"content":{"rendered":"<p>Ta\u015bmy s\u0105 samoprzylepne i wyst\u0119puj\u0105 w n szeroko\u015bciach 25 i 50mm.<\/p>\n<p>Po zaaplikowaniu na powierzchnie nale\u017cy odczeka\u0107 24h, aby klej si\u0119 utwardzi\u0142.<\/p>\n<p>Produkt sprzedawany jest w rolkach o d\u0142ugo\u015bci 5m.<\/p>\n","protected":false},"excerpt":{"rendered":"<p>Os\u0142ony termiczne Teknofibra\u00ae s\u0105 nietoksyczne oraz ca\u0142kowicie bezpieczne.<\/p>\n<p>Powsta\u0142y g\u0142\u00f3wne z my\u015bl\u0105 o zastosowaniu w lotnictwie oraz sportach wyczynowych.<\/p>\n<p>Maj\u0105 posta\u0107 lekkich i cienkich samoprzylepnych mat. Wyst\u0119puj\u0105 w\u00a0 grubo\u015bciach 25mm i 50mm.<\/p>\n","protected":false},"featured_media":2676,"comment_status":"open","ping_status":"closed","template":"","meta":[],"product_brand":[],"product_cat":[80],"product_tag":[82,81],"class_list":{"0":"post-2670","1":"product","2":"type-product","3":"status-publish","4":"has-post-thumbnail","6":"product_cat-materialy-termo-izolacyjne","7":"product_tag-mata-termiczna","8":"product_tag-oslona-termiczna","10":"first","11":"instock","12":"taxable","13":"shipping-taxable","14":"purchasable","15":"product-type-variable"},"_links":{"self":[{"href":"https:\/\/3d-innowacje.pl\/sklep\/wp-json\/wp\/v2\/product\/2670","targetHints":{"allow":["GET"]}}],"collection":[{"href":"https:\/\/3d-innowacje.pl\/sklep\/wp-json\/wp\/v2\/product"}],"about":[{"href":"https:\/\/3d-innowacje.pl\/sklep\/wp-json\/wp\/v2\/types\/product"}],"replies":[{"embeddable":true,"href":"https:\/\/3d-innowacje.pl\/sklep\/wp-json\/wp\/v2\/comments?post=2670"}],"wp:featuredmedia":[{"embeddable":true,"href":"https:\/\/3d-innowacje.pl\/sklep\/wp-json\/wp\/v2\/media\/2676"}],"wp:attachment":[{"href":"https:\/\/3d-innowacje.pl\/sklep\/wp-json\/wp\/v2\/media?parent=2670"}],"wp:term":[{"taxonomy":"product_brand","embeddable":true,"href":"https:\/\/3d-innowacje.pl\/sklep\/wp-json\/wp\/v2\/product_brand?post=2670"},{"taxonomy":"product_cat","embeddable":true,"href":"https:\/\/3d-innowacje.pl\/sklep\/wp-json\/wp\/v2\/product_cat?post=2670"},{"taxonomy":"product_tag","embeddable":true,"href":"https:\/\/3d-innowacje.pl\/sklep\/wp-json\/wp\/v2\/product_tag?post=2670"}],"curies":[{"name":"wp","href":"https:\/\/api.w.org\/{rel}","templated":true}]}}