{"id":2678,"date":"2023-07-19T13:18:15","date_gmt":"2023-07-19T11:18:15","guid":{"rendered":"https:\/\/3d-innowacje.pl\/sklep\/?post_type=product&#038;p=2678"},"modified":"2024-10-19T13:33:20","modified_gmt":"2024-10-19T11:33:20","slug":"teknofibra-oslona-na-przewody","status":"publish","type":"product","link":"https:\/\/3d-innowacje.pl\/sklep\/produkt\/materialy-termo-izolacyjne\/teknofibra-oslona-na-przewody\/","title":{"rendered":"TEKNOFIBRA &#8211; Os\u0142ona termiczna na przewody"},"content":{"rendered":"<p>Os\u0142ony termiczne Teknofibra\u00ae s\u0105 nietoksyczne oraz ca\u0142kowicie bezpieczne.<\/p>\n<p>Powsta\u0142y g\u0142\u00f3wne z my\u015bl\u0105 o zastosowaniu w lotnictwie oraz sportach wyczynowych.<\/p>\n<p>Maj\u0105 posta\u0107 lekkich, elastycznych i cienkich rurek. Wyst\u0119puj\u0105 w nast\u0119puj\u0105cych \u015brednicach: 15mm | 20mm |25mm | 32mm | 40mm<\/p>\n<p>Teknofibra zapewnia bardzo niski wsp\u00f3\u0142czynnik przenikania ciep\u0142a.<\/p>\n<p>W przypadku po\u017caru produkty os\u0142ony termiczne Teknofibra nie pal\u0105 si\u0119 ani nie wytwarzaj\u0105 toksycznych\/niebezpiecznych emisji! Maty dodatkowo poch\u0142aniaj\u0105 d\u017awi\u0119k\u00a0 i ograniczaj\u0105 przez to emisj\u0119 ha\u0142asu.<\/p>\n<p>Najl\u017cejszy produkt na rynku, kt\u00f3ry zapewnia tak niski stopie\u0144 przewodno\u015bci cieplnej!<\/p>\n<p>Produkt sprzedawany jest na metry bie\u017c\u0105ce. Cena dotyczy maty 1mb. Kupuj\u0105c 1szt. kupujesz 1m bie\u017c\u0105cy.<\/p>\n","protected":false},"excerpt":{"rendered":"<p>Os\u0142ony termiczne Teknofibra\u00ae s\u0105 nietoksyczne oraz ca\u0142kowicie bezpieczne.<\/p>\n<p>Powsta\u0142y g\u0142\u00f3wne z my\u015bl\u0105 o zastosowaniu w lotnictwie oraz sportach wyczynowych.<\/p>\n<p>Otuliny maj\u0105 posta\u0107 lekkich, elastycznych i cienkich rurek. Wyst\u0119puj\u0105 w nast\u0119puj\u0105cych grubo\u015bciach: 15mm | 20mm |25mm | 32mm | 40mm<\/p>\n","protected":false},"featured_media":2684,"comment_status":"open","ping_status":"closed","template":"","meta":[],"product_brand":[],"product_cat":[80],"product_tag":[82,81],"class_list":{"0":"post-2678","1":"product","2":"type-product","3":"status-publish","4":"has-post-thumbnail","6":"product_cat-materialy-termo-izolacyjne","7":"product_tag-mata-termiczna","8":"product_tag-oslona-termiczna","10":"first","11":"instock","12":"taxable","13":"shipping-taxable","14":"purchasable","15":"product-type-variable"},"_links":{"self":[{"href":"https:\/\/3d-innowacje.pl\/sklep\/wp-json\/wp\/v2\/product\/2678","targetHints":{"allow":["GET"]}}],"collection":[{"href":"https:\/\/3d-innowacje.pl\/sklep\/wp-json\/wp\/v2\/product"}],"about":[{"href":"https:\/\/3d-innowacje.pl\/sklep\/wp-json\/wp\/v2\/types\/product"}],"replies":[{"embeddable":true,"href":"https:\/\/3d-innowacje.pl\/sklep\/wp-json\/wp\/v2\/comments?post=2678"}],"wp:featuredmedia":[{"embeddable":true,"href":"https:\/\/3d-innowacje.pl\/sklep\/wp-json\/wp\/v2\/media\/2684"}],"wp:attachment":[{"href":"https:\/\/3d-innowacje.pl\/sklep\/wp-json\/wp\/v2\/media?parent=2678"}],"wp:term":[{"taxonomy":"product_brand","embeddable":true,"href":"https:\/\/3d-innowacje.pl\/sklep\/wp-json\/wp\/v2\/product_brand?post=2678"},{"taxonomy":"product_cat","embeddable":true,"href":"https:\/\/3d-innowacje.pl\/sklep\/wp-json\/wp\/v2\/product_cat?post=2678"},{"taxonomy":"product_tag","embeddable":true,"href":"https:\/\/3d-innowacje.pl\/sklep\/wp-json\/wp\/v2\/product_tag?post=2678"}],"curies":[{"name":"wp","href":"https:\/\/api.w.org\/{rel}","templated":true}]}}