{"id":275,"date":"2021-07-18T08:51:01","date_gmt":"2021-07-18T06:51:01","guid":{"rendered":"http:\/\/www.3d-innowacje.pl\/sklep\/?post_type=product&#038;p=275"},"modified":"2023-01-31T17:39:12","modified_gmt":"2023-01-31T16:39:12","slug":"kolo-zebate-do-wyciskarki-ssj-300-a1-silvercrest","status":"publish","type":"product","link":"https:\/\/3d-innowacje.pl\/sklep\/produkt\/wydruki-3d\/dom-i-ogrod\/czesci\/kolo-zebate-do-wyciskarki-ssj-300-a1-silvercrest\/","title":{"rendered":"Ko\u0142o z\u0119bate do wyciskarki SSJ 300 A1 Silvercrest"},"content":{"rendered":"<p>Zamiennik z\u0119batki do SSJ 300 A1 Silvercrest wykonany technologi\u0105 druku 3D. Parametry elementu s\u0105 takie same jak orygina\u0142u.<\/p>\n<p>Istnieje mo\u017cliwo\u015b\u0107 wykonania dowolnej z\u0119batki na zam\u00f3wienie.<\/p>\n","protected":false},"excerpt":{"rendered":"<p>Zamiennik z\u0119batki do wyciskarki wolnoobrotowej SSJ 300 A1 Silvercrest .<\/p>\n","protected":false},"featured_media":276,"comment_status":"open","ping_status":"closed","template":"","meta":[],"product_brand":[],"product_cat":[75],"product_tag":[170,76,169],"class_list":{"0":"post-275","1":"product","2":"type-product","3":"status-publish","4":"has-post-thumbnail","6":"product_cat-czesci","7":"product_tag-silvercrest","8":"product_tag-zebatka","9":"product_tag-zebatka-wyciskarki","11":"first","12":"instock","13":"taxable","14":"shipping-taxable","15":"purchasable","16":"product-type-simple"},"_links":{"self":[{"href":"https:\/\/3d-innowacje.pl\/sklep\/wp-json\/wp\/v2\/product\/275","targetHints":{"allow":["GET"]}}],"collection":[{"href":"https:\/\/3d-innowacje.pl\/sklep\/wp-json\/wp\/v2\/product"}],"about":[{"href":"https:\/\/3d-innowacje.pl\/sklep\/wp-json\/wp\/v2\/types\/product"}],"replies":[{"embeddable":true,"href":"https:\/\/3d-innowacje.pl\/sklep\/wp-json\/wp\/v2\/comments?post=275"}],"wp:featuredmedia":[{"embeddable":true,"href":"https:\/\/3d-innowacje.pl\/sklep\/wp-json\/wp\/v2\/media\/276"}],"wp:attachment":[{"href":"https:\/\/3d-innowacje.pl\/sklep\/wp-json\/wp\/v2\/media?parent=275"}],"wp:term":[{"taxonomy":"product_brand","embeddable":true,"href":"https:\/\/3d-innowacje.pl\/sklep\/wp-json\/wp\/v2\/product_brand?post=275"},{"taxonomy":"product_cat","embeddable":true,"href":"https:\/\/3d-innowacje.pl\/sklep\/wp-json\/wp\/v2\/product_cat?post=275"},{"taxonomy":"product_tag","embeddable":true,"href":"https:\/\/3d-innowacje.pl\/sklep\/wp-json\/wp\/v2\/product_tag?post=275"}],"curies":[{"name":"wp","href":"https:\/\/api.w.org\/{rel}","templated":true}]}}