{"id":279,"date":"2021-07-18T09:11:38","date_gmt":"2021-07-18T07:11:38","guid":{"rendered":"http:\/\/www.3d-innowacje.pl\/sklep\/?post_type=product&#038;p=279"},"modified":"2022-09-05T07:22:49","modified_gmt":"2022-09-05T05:22:49","slug":"maska-karnawalowa-z-wielokatow-polygon-druk-3d","status":"publish","type":"product","link":"https:\/\/3d-innowacje.pl\/sklep\/produkt\/wydruki-3d\/maska-karnawalowa-z-wielokatow-polygon-druk-3d\/","title":{"rendered":"Maska karnawa\u0142owa z wielok\u0105t\u00f3w, polygon druk 3D"},"content":{"rendered":"<p>Ciekawa maska wykonana w technologii druku 3D. \u015awietna na haloween czy imprezy karnawa\u0142owe. Maska wykonana z Czerwonego, czarnego, z\u0142otego PLA, . Mo\u017cliwe r\u00f3wnie\u017c inne kolory. Przed zakupem pro\u015bba o kontakt celem sprawdzenia dost\u0119pno\u015bci preferowanego koloru. Maska jest bardzo wytrzyma\u0142a (ponad 2 mm grubo\u015bci) i sprosta niejednej imprezie \ud83d\ude09<\/p>\n","protected":false},"excerpt":{"rendered":"<p>Maska na twarz z poligon\u00f3w druk 3D<\/p>\n","protected":false},"featured_media":280,"comment_status":"open","ping_status":"closed","template":"","meta":[],"product_brand":[],"product_cat":[42],"product_tag":[79],"class_list":{"0":"post-279","1":"product","2":"type-product","3":"status-publish","4":"has-post-thumbnail","6":"product_cat-wydruki-3d","7":"product_tag-maska-karnawalowa","9":"first","10":"onbackorder","11":"taxable","12":"shipping-taxable","13":"purchasable","14":"product-type-simple"},"_links":{"self":[{"href":"https:\/\/3d-innowacje.pl\/sklep\/wp-json\/wp\/v2\/product\/279","targetHints":{"allow":["GET"]}}],"collection":[{"href":"https:\/\/3d-innowacje.pl\/sklep\/wp-json\/wp\/v2\/product"}],"about":[{"href":"https:\/\/3d-innowacje.pl\/sklep\/wp-json\/wp\/v2\/types\/product"}],"replies":[{"embeddable":true,"href":"https:\/\/3d-innowacje.pl\/sklep\/wp-json\/wp\/v2\/comments?post=279"}],"wp:featuredmedia":[{"embeddable":true,"href":"https:\/\/3d-innowacje.pl\/sklep\/wp-json\/wp\/v2\/media\/280"}],"wp:attachment":[{"href":"https:\/\/3d-innowacje.pl\/sklep\/wp-json\/wp\/v2\/media?parent=279"}],"wp:term":[{"taxonomy":"product_brand","embeddable":true,"href":"https:\/\/3d-innowacje.pl\/sklep\/wp-json\/wp\/v2\/product_brand?post=279"},{"taxonomy":"product_cat","embeddable":true,"href":"https:\/\/3d-innowacje.pl\/sklep\/wp-json\/wp\/v2\/product_cat?post=279"},{"taxonomy":"product_tag","embeddable":true,"href":"https:\/\/3d-innowacje.pl\/sklep\/wp-json\/wp\/v2\/product_tag?post=279"}],"curies":[{"name":"wp","href":"https:\/\/api.w.org\/{rel}","templated":true}]}}