{"id":291,"date":"2021-08-29T10:25:21","date_gmt":"2021-08-29T08:25:21","guid":{"rendered":"http:\/\/www.3d-innowacje.pl\/sklep\/?post_type=product&#038;p=291"},"modified":"2021-09-06T07:54:32","modified_gmt":"2021-09-06T05:54:32","slug":"zebatka-napedu-bramy-nice-moovo-cm220","status":"publish","type":"product","link":"https:\/\/3d-innowacje.pl\/sklep\/produkt\/wydruki-3d\/dom-i-ogrod\/czesci\/zebatka-napedu-bramy-nice-moovo-cm220\/","title":{"rendered":"Z\u0119batka nap\u0119du bramy NICE MOOVO CM220"},"content":{"rendered":"<p>Element naprawczy nap\u0119du MOOVO CM220 wykonany w technologii druku 3D. Przed zakupem prosz\u0119 o kontakt w celu sprawdzenia dost\u0119pno\u015bci.<\/p>\n","protected":false},"excerpt":{"rendered":"<p>Element naprawczy nap\u0119du MOOVO CM220 wykonany w technologii druku 3D. Przed zakupem prosz\u0119 o kontakt w celu sprawdzenia dost\u0119pno\u015bci.<\/p>\n","protected":false},"featured_media":292,"comment_status":"open","ping_status":"closed","template":"","meta":[],"product_brand":[],"product_cat":[75],"product_tag":[],"class_list":{"0":"post-291","1":"product","2":"type-product","3":"status-publish","4":"has-post-thumbnail","6":"product_cat-czesci","8":"first","9":"instock","10":"taxable","11":"shipping-taxable","12":"purchasable","13":"product-type-simple"},"_links":{"self":[{"href":"https:\/\/3d-innowacje.pl\/sklep\/wp-json\/wp\/v2\/product\/291","targetHints":{"allow":["GET"]}}],"collection":[{"href":"https:\/\/3d-innowacje.pl\/sklep\/wp-json\/wp\/v2\/product"}],"about":[{"href":"https:\/\/3d-innowacje.pl\/sklep\/wp-json\/wp\/v2\/types\/product"}],"replies":[{"embeddable":true,"href":"https:\/\/3d-innowacje.pl\/sklep\/wp-json\/wp\/v2\/comments?post=291"}],"wp:featuredmedia":[{"embeddable":true,"href":"https:\/\/3d-innowacje.pl\/sklep\/wp-json\/wp\/v2\/media\/292"}],"wp:attachment":[{"href":"https:\/\/3d-innowacje.pl\/sklep\/wp-json\/wp\/v2\/media?parent=291"}],"wp:term":[{"taxonomy":"product_brand","embeddable":true,"href":"https:\/\/3d-innowacje.pl\/sklep\/wp-json\/wp\/v2\/product_brand?post=291"},{"taxonomy":"product_cat","embeddable":true,"href":"https:\/\/3d-innowacje.pl\/sklep\/wp-json\/wp\/v2\/product_cat?post=291"},{"taxonomy":"product_tag","embeddable":true,"href":"https:\/\/3d-innowacje.pl\/sklep\/wp-json\/wp\/v2\/product_tag?post=291"}],"curies":[{"name":"wp","href":"https:\/\/api.w.org\/{rel}","templated":true}]}}