{"id":3515,"date":"2025-12-01T15:53:18","date_gmt":"2025-12-01T14:53:18","guid":{"rendered":"https:\/\/3d-innowacje.pl\/sklep\/?post_type=product&#038;p=3515"},"modified":"2025-12-18T16:51:23","modified_gmt":"2025-12-18T15:51:23","slug":"filament-bambu-lab-1-75-mm-1kg-abs-white-bialy-refill","status":"publish","type":"product","link":"https:\/\/3d-innowacje.pl\/sklep\/produkt\/materialy-do-druku\/filamenty\/filament-bambu-lab-1-75-mm-1kg-abs-white-bialy-refill\/","title":{"rendered":"FILAMENT BAMBU LAB 1.75 mm 1kg ABS White bia\u0142y- refill"},"content":{"rendered":"<div class=\"mpof_ki myre_zn myre_8v_l _0d3bd_YrWCD\">\n<div class=\"mp4t_16_s mryx_16_s mr3m_1 mli2_1 mh85_56 mh85_0_l\">\n<div class=\"mgn2_16 _0d3bd_5pK0q\">\n<p><b>Opis:<br \/>\n<\/b><\/p>\n<div class=\"mpof_ki myre_zn myre_8v_l m389_6m_l\">\n<div class=\"mp4t_16_s mryx_16_s mr3m_1 mli2_1 mh85_56 mh85_0_l\">\n<div class=\"mgn2_16 _0d3bd_am0a-\">\n<h1>Filament Bambu Lab ABS &#8211; Refill \/ 1kg \/ White \/ Bia\u0142y<\/h1>\n<ul>\n<li>\n<p class=\"my-2 [&amp;+p]:mt-4 [&amp;_strong:has(+br)]:inline-block [&amp;_strong:has(+br)]:pb-2\">Bambu ABS Refill Black \u2013 profesjonalny filament do druku 3D stworzony z my\u015bl\u0105 o najbardziej wymagaj\u0105cych projektach. Oryginalny materia\u0142 Bambu Lab zapewnia wyj\u0105tkow\u0105 trwa\u0142o\u015b\u0107 i stabilno\u015b\u0107 nawet w trudnych warunkach. Jego znakomita odporno\u015b\u0107 na uderzenia oraz wysokie temperatury sprawia, \u017ce mo\u017cesz go \u015bmia\u0142o wykorzystywa\u0107 do prototyp\u00f3w, cz\u0119\u015bci funkcjonalnych oraz wykonania detali in\u017cynieryjnych.<\/p>\n<h2 id=\"najwaniejsze-cechy\" class=\"mb-2 mt-4 font-display font-semimedium text-base first:mt-0 md:text-lg [hr+&amp;]:mt-4\">Najwa\u017cniejsze cechy<\/h2>\n<ul class=\"marker:text-quiet list-disc\">\n<li class=\"py-0 my-0 prose-p:pt-0 prose-p:mb-2 prose-p:my-0 [&amp;&gt;p]:pt-0 [&amp;&gt;p]:mb-2 [&amp;&gt;p]:my-0\">\n<p class=\"my-2 [&amp;+p]:mt-4 [&amp;_strong:has(+br)]:inline-block [&amp;_strong:has(+br)]:pb-2\">Doskona\u0142a wytrzyma\u0142o\u015b\u0107 mechaniczna \u2013 mocniejszy od PLA i PETG.<\/p>\n<\/li>\n<li class=\"py-0 my-0 prose-p:pt-0 prose-p:mb-2 prose-p:my-0 [&amp;&gt;p]:pt-0 [&amp;&gt;p]:mb-2 [&amp;&gt;p]:my-0\">\n<p class=\"my-2 [&amp;+p]:mt-4 [&amp;_strong:has(+br)]:inline-block [&amp;_strong:has(+br)]:pb-2\">Odporno\u015b\u0107 na prac\u0119 w wy\u017cszej temperaturze (240\u2013270\u00b0C), idealny do wymagaj\u0105cych zastosowa\u0144.<\/p>\n<\/li>\n<li class=\"py-0 my-0 prose-p:pt-0 prose-p:mb-2 prose-p:my-0 [&amp;&gt;p]:pt-0 [&amp;&gt;p]:mb-2 [&amp;&gt;p]:my-0\">\n<p class=\"my-2 [&amp;+p]:mt-4 [&amp;_strong:has(+br)]:inline-block [&amp;_strong:has(+br)]:pb-2\">Wydruki odporne na wod\u0119 i wilgo\u0107 \u2013 \u015bwietny wyb\u00f3r dla element\u00f3w nara\u017conych na trudne \u015brodowisko.<\/p>\n<\/li>\n<li class=\"py-0 my-0 prose-p:pt-0 prose-p:mb-2 prose-p:my-0 [&amp;&gt;p]:pt-0 [&amp;&gt;p]:mb-2 [&amp;&gt;p]:my-0\">\n<p class=\"my-2 [&amp;+p]:mt-4 [&amp;_strong:has(+br)]:inline-block [&amp;_strong:has(+br)]:pb-2\">Wersja Refill \u2013 zero zb\u0119dnych odpad\u00f3w, do u\u017cycia na pustych szpulach, co sprzyja ekologicznej eksploatacji.<\/p>\n<\/li>\n<li class=\"py-0 my-0 prose-p:pt-0 prose-p:mb-2 prose-p:my-0 [&amp;&gt;p]:pt-0 [&amp;&gt;p]:mb-2 [&amp;&gt;p]:my-0\">\n<p class=\"my-2 [&amp;+p]:mt-4 [&amp;_strong:has(+br)]:inline-block [&amp;_strong:has(+br)]:pb-2\">Precyzyjny wymiar: 1,75 mm \u00b1 0,03 mm.<\/p>\n<\/li>\n<li class=\"py-0 my-0 prose-p:pt-0 prose-p:mb-2 prose-p:my-0 [&amp;&gt;p]:pt-0 [&amp;&gt;p]:mb-2 [&amp;&gt;p]:my-0\">\n<p class=\"my-2 [&amp;+p]:mt-4 [&amp;_strong:has(+br)]:inline-block [&amp;_strong:has(+br)]:pb-2\">Waga: 1 kg netto, kolor g\u0142\u0119boka czer\u0144 (Black 40101).<\/p>\n<\/li>\n<li class=\"py-0 my-0 prose-p:pt-0 prose-p:mb-2 prose-p:my-0 [&amp;&gt;p]:pt-0 [&amp;&gt;p]:mb-2 [&amp;&gt;p]:my-0\">\n<p class=\"my-2 [&amp;+p]:mt-4 [&amp;_strong:has(+br)]:inline-block [&amp;_strong:has(+br)]:pb-2\">Wbudowany chip RFID zapewnia automatyczne rozpoznawanie przez AMS i import parametr\u00f3w drukowania \u2013 bez czasoch\u0142onnych konfiguracji ustawie\u0144.<\/p>\n<\/li>\n<li class=\"py-0 my-0 prose-p:pt-0 prose-p:mb-2 prose-p:my-0 [&amp;&gt;p]:pt-0 [&amp;&gt;p]:mb-2 [&amp;&gt;p]:my-0\">\n<p class=\"my-2 [&amp;+p]:mt-4 [&amp;_strong:has(+br)]:inline-block [&amp;_strong:has(+br)]:pb-2\">Optymalne ustawienia suszenia: 55\u00b0C przez 8 godzin oraz przechowywanie w wilgotno\u015bci poni\u017cej 20% \u2013 gwarancja idealnej kondycji filamentu.<\/p>\n<\/li>\n<\/ul>\n<h2 id=\"zastosowanie\" class=\"mb-2 mt-4 font-display font-semimedium text-base first:mt-0 md:text-lg [hr+&amp;]:mt-4\">Zastosowanie<\/h2>\n<p class=\"my-2 [&amp;+p]:mt-4 [&amp;_strong:has(+br)]:inline-block [&amp;_strong:has(+br)]:pb-2\">Bambu ABS doskonale sprawdzi si\u0119 zar\u00f3wno w produkcji codziennych, funkcjonalnych cz\u0119\u015bci, jak i zaawansowanych projekt\u00f3w in\u017cynieryjnych. Zapewnij swoim wydrukom perfekcyjne wyko\u0144czenie, trwa\u0142o\u015b\u0107 i profesjonalny wygl\u0105d.<\/p>\n<p class=\"my-2 [&amp;+p]:mt-4 [&amp;_strong:has(+br)]:inline-block [&amp;_strong:has(+br)]:pb-2\">Wybierz Bambu ABS Refill Black \u2013 zam\u00f3w, za\u0142aduj i drukuj bez zb\u0119dnych komplikacji. Postaw na jako\u015b\u0107, niezawodno\u015b\u0107 i wszechstronno\u015b\u0107!<\/p>\n<\/li>\n<\/ul>\n<\/div>\n<\/div>\n<\/div>\n<\/div>\n<\/div>\n<\/div>\n","protected":false},"excerpt":{"rendered":"<div class=\"mpof_ki myre_zn myre_8v_l _0d3bd_YrWCD\">\n<div class=\"mp4t_16_s mryx_16_s mr3m_1 mli2_1 mh85_56 mh85_0_l\">\n<div class=\"mgn2_16 _0d3bd_5pK0q\">\n<p>Bambu ABS Refill White \u2013 profesjonalny filament do druku 3D stworzony z my\u015bl\u0105 o najbardziej wymagaj\u0105cych projektach. Oryginalny materia\u0142 Bambu Lab zapewnia wyj\u0105tkow\u0105 trwa\u0142o\u015b\u0107 i stabilno\u015b\u0107 nawet w trudnych warunkach. Jego znakomita odporno\u015b\u0107 na uderzenia oraz wysokie temperatury sprawia, \u017ce mo\u017cesz go \u015bmia\u0142o wykorzystywa\u0107 do prototyp\u00f3w, cz\u0119\u015bci funkcjonalnych oraz wykonania detali in\u017cynieryjnych.<\/p>\n<\/div>\n<\/div>\n<\/div>\n<div class=\"mpof_ki myre_zn myre_8v_l _0d3bd_YrWCD\">\n<div class=\"mp4t_16_s mryx_16_s mr3m_1 mli2_1 mh85_56 mh85_0_l\">\n<div class=\"mgn2_16 _0d3bd_5pK0q\">\n<p>&nbsp;<\/p>\n<\/div>\n<\/div>\n<\/div>\n","protected":false},"featured_media":3516,"comment_status":"open","ping_status":"closed","template":"","meta":[],"product_brand":[],"product_cat":[17,129],"product_tag":[188,189,190,191],"class_list":{"0":"post-3515","1":"product","2":"type-product","3":"status-publish","4":"has-post-thumbnail","6":"product_cat-filamenty","7":"product_cat-abs","8":"product_tag-abs","9":"product_tag-bambu","10":"product_tag-bambulab","11":"product_tag-filament","13":"first","14":"instock","15":"taxable","16":"shipping-taxable","17":"purchasable","18":"product-type-simple"},"_links":{"self":[{"href":"https:\/\/3d-innowacje.pl\/sklep\/wp-json\/wp\/v2\/product\/3515","targetHints":{"allow":["GET"]}}],"collection":[{"href":"https:\/\/3d-innowacje.pl\/sklep\/wp-json\/wp\/v2\/product"}],"about":[{"href":"https:\/\/3d-innowacje.pl\/sklep\/wp-json\/wp\/v2\/types\/product"}],"replies":[{"embeddable":true,"href":"https:\/\/3d-innowacje.pl\/sklep\/wp-json\/wp\/v2\/comments?post=3515"}],"wp:featuredmedia":[{"embeddable":true,"href":"https:\/\/3d-innowacje.pl\/sklep\/wp-json\/wp\/v2\/media\/3516"}],"wp:attachment":[{"href":"https:\/\/3d-innowacje.pl\/sklep\/wp-json\/wp\/v2\/media?parent=3515"}],"wp:term":[{"taxonomy":"product_brand","embeddable":true,"href":"https:\/\/3d-innowacje.pl\/sklep\/wp-json\/wp\/v2\/product_brand?post=3515"},{"taxonomy":"product_cat","embeddable":true,"href":"https:\/\/3d-innowacje.pl\/sklep\/wp-json\/wp\/v2\/product_cat?post=3515"},{"taxonomy":"product_tag","embeddable":true,"href":"https:\/\/3d-innowacje.pl\/sklep\/wp-json\/wp\/v2\/product_tag?post=3515"}],"curies":[{"name":"wp","href":"https:\/\/api.w.org\/{rel}","templated":true}]}}