{"id":3517,"date":"2025-12-01T16:02:39","date_gmt":"2025-12-01T15:02:39","guid":{"rendered":"https:\/\/3d-innowacje.pl\/sklep\/?post_type=product&#038;p=3517"},"modified":"2025-12-04T10:17:35","modified_gmt":"2025-12-04T09:17:35","slug":"filament-bambu-lab-1-75-mm-1kg-pla-black-czarny-refill","status":"publish","type":"product","link":"https:\/\/3d-innowacje.pl\/sklep\/produkt\/materialy-do-druku\/filamenty\/filament-bambu-lab-1-75-mm-1kg-pla-black-czarny-refill\/","title":{"rendered":"FILAMENT BAMBU LAB 1.75 mm 1kg PLA Black czarny &#8211; refill"},"content":{"rendered":"<div class=\"mpof_ki myre_zn myre_8v_l _0d3bd_YrWCD\">\n<div class=\"mp4t_16_s mryx_16_s mr3m_1 mli2_1 mh85_56 mh85_0_l\">\n<div class=\"mgn2_16 _0d3bd_5pK0q\">\n<p><b>Opis:<br \/>\n<\/b><\/p>\n<div class=\"mpof_ki myre_zn myre_8v_l m389_6m_l\">\n<div class=\"mp4t_16_s mryx_16_s mr3m_1 mli2_1 mh85_56 mh85_0_l\">\n<div class=\"mgn2_16 _0d3bd_am0a-\">\n<h1>Filament Bambu Lab PLA &#8211; Refill \/ 1kg \/ Black(10101) \/ Czarny<\/h1>\n<p class=\"my-2 [&amp;+p]:mt-4 [&amp;_strong:has(+br)]:inline-block [&amp;_strong:has(+br)]:pb-2\">Oryginalny filament Bambu Lab PLA Basic Black to perfekcyjny wyb\u00f3r dla tych, kt\u00f3rzy ceni\u0105 sobie elegancj\u0119 i jako\u015b\u0107 druku 3D. Jego g\u0142\u0119boka, intensywna czer\u0144 nadaje wydrukom wyj\u0105tkowy wygl\u0105d, idealny do r\u00f3\u017cnorodnych projekt\u00f3w \u2013 od prototyp\u00f3w po artystyczne modele.<\/p>\n<p class=\"my-2 [&amp;+p]:mt-4 [&amp;_strong:has(+br)]:inline-block [&amp;_strong:has(+br)]:pb-2\">Ten filament wyr\u00f3\u017cnia si\u0119 doskona\u0142\u0105 \u0142atwo\u015bci\u0105 u\u017cycia \u2013 dzi\u0119ki znakomitej adhezji warstw i minimalnemu skurczowi sprawdza si\u0119 \u015bwietnie zar\u00f3wno u pocz\u0105tkuj\u0105cych, jak i do\u015bwiadczonych u\u017cytkownik\u00f3w. Wysokiej jako\u015bci surowce gwarantuj\u0105 precyzyjne detale i g\u0142adk\u0105 powierzchni\u0119 ka\u017cdego wydruku.<\/p>\n<p class=\"my-2 [&amp;+p]:mt-4 [&amp;_strong:has(+br)]:inline-block [&amp;_strong:has(+br)]:pb-2\">Dodatkowo, filament jest wyposa\u017cony w technologi\u0119 RFID, co umo\u017cliwia automatyczne rozpoznawanie materia\u0142u przez system AMS drukarki Bambu Lab po jego na\u0142o\u017ceniu na szpul\u0119 wielokrotnego u\u017cytku. To usprawnienie znacznie u\u0142atwia proces druku, minimalizuje ryzyko b\u0142\u0119d\u00f3w i pozwala skupi\u0107 si\u0119 na tworzeniu, zwi\u0119kszaj\u0105c efektywno\u015b\u0107 i jako\u015b\u0107 realizowanych projekt\u00f3w.<\/p>\n<p class=\"my-2 [&amp;+p]:mt-4 [&amp;_strong:has(+br)]:inline-block [&amp;_strong:has(+br)]:pb-2\">Filament Bambu Lab PLA Basic Black w wersji refill bez szpuli \u0142\u0105czy w sobie innowacyjno\u015b\u0107, wygod\u0119 i najwy\u017csz\u0105 jako\u015b\u0107 \u2013 jest to niezawodny materia\u0142 do profesjonalnych i amatorskich wydruk\u00f3w 3D<\/p>\n<\/div>\n<\/div>\n<\/div>\n<\/div>\n<\/div>\n<\/div>\n","protected":false},"excerpt":{"rendered":"<div class=\"mpof_ki myre_zn myre_8v_l _0d3bd_YrWCD\">\n<div class=\"mp4t_16_s mryx_16_s mr3m_1 mli2_1 mh85_56 mh85_0_l\">\n<div class=\"mgn2_16 _0d3bd_5pK0q\">\n<p>Bambu PLA Refill Black \u2013 profesjonalny filament do druku 3D stworzony z my\u015bl\u0105 o najbardziej wymagaj\u0105cych projektach. Oryginalny materia\u0142 Bambu Lab zapewnia wyj\u0105tkow\u0105 trwa\u0142o\u015b\u0107 i stabilno\u015b\u0107 nawet w trudnych warunkach. Jego znakomita odporno\u015b\u0107 na uderzenia oraz wysokie temperatury sprawia, \u017ce mo\u017cesz go \u015bmia\u0142o wykorzystywa\u0107 do prototyp\u00f3w, cz\u0119\u015bci funkcjonalnych oraz wykonania detali in\u017cynieryjnych.<\/p>\n<\/div>\n<\/div>\n<\/div>\n<div class=\"mpof_ki myre_zn myre_8v_l _0d3bd_YrWCD\">\n<div class=\"mp4t_16_s mryx_16_s mr3m_1 mli2_1 mh85_56 mh85_0_l\">\n<div class=\"mgn2_16 _0d3bd_5pK0q\">\n<p>&nbsp;<\/p>\n<\/div>\n<\/div>\n<\/div>\n","protected":false},"featured_media":3522,"comment_status":"open","ping_status":"closed","template":"","meta":[],"product_brand":[],"product_cat":[17,128],"product_tag":[189,190,191,192],"class_list":{"0":"post-3517","1":"product","2":"type-product","3":"status-publish","4":"has-post-thumbnail","6":"product_cat-filamenty","7":"product_cat-pla","8":"product_tag-bambu","9":"product_tag-bambulab","10":"product_tag-filament","11":"product_tag-pla","13":"first","14":"instock","15":"taxable","16":"shipping-taxable","17":"purchasable","18":"product-type-simple"},"_links":{"self":[{"href":"https:\/\/3d-innowacje.pl\/sklep\/wp-json\/wp\/v2\/product\/3517","targetHints":{"allow":["GET"]}}],"collection":[{"href":"https:\/\/3d-innowacje.pl\/sklep\/wp-json\/wp\/v2\/product"}],"about":[{"href":"https:\/\/3d-innowacje.pl\/sklep\/wp-json\/wp\/v2\/types\/product"}],"replies":[{"embeddable":true,"href":"https:\/\/3d-innowacje.pl\/sklep\/wp-json\/wp\/v2\/comments?post=3517"}],"wp:featuredmedia":[{"embeddable":true,"href":"https:\/\/3d-innowacje.pl\/sklep\/wp-json\/wp\/v2\/media\/3522"}],"wp:attachment":[{"href":"https:\/\/3d-innowacje.pl\/sklep\/wp-json\/wp\/v2\/media?parent=3517"}],"wp:term":[{"taxonomy":"product_brand","embeddable":true,"href":"https:\/\/3d-innowacje.pl\/sklep\/wp-json\/wp\/v2\/product_brand?post=3517"},{"taxonomy":"product_cat","embeddable":true,"href":"https:\/\/3d-innowacje.pl\/sklep\/wp-json\/wp\/v2\/product_cat?post=3517"},{"taxonomy":"product_tag","embeddable":true,"href":"https:\/\/3d-innowacje.pl\/sklep\/wp-json\/wp\/v2\/product_tag?post=3517"}],"curies":[{"name":"wp","href":"https:\/\/api.w.org\/{rel}","templated":true}]}}