{"id":3593,"date":"2026-01-06T10:57:44","date_gmt":"2026-01-06T09:57:44","guid":{"rendered":"https:\/\/3d-innowacje.pl\/sklep\/?post_type=product&#038;p=3593"},"modified":"2026-01-30T16:23:37","modified_gmt":"2026-01-30T15:23:37","slug":"professjonal-lab-filament-petg-1kg-netto-175mm","status":"publish","type":"product","link":"https:\/\/3d-innowacje.pl\/sklep\/produkt\/materialy-do-druku\/filamenty\/professjonal-lab-filament-petg-1kg-netto-175mm\/","title":{"rendered":"Professional LAB Filament PETG 1kg netto 1,75mm"},"content":{"rendered":"<div class=\"mpof_ki myre_zn myre_8v_l _0d3bd_YrWCD\">\n<div class=\"mp4t_16_s mryx_16_s mr3m_1 mli2_1 mh85_56 mh85_0_l\">\n<div class=\"mgn2_16 _0d3bd_5pK0q\">\n<p class=\"def\"><strong><span class=\"def\">Filament PETG<\/span><\/strong><\/p>\n<p><b>\u2705 PETG \u0142\u0105czy wytrzyma\u0142o\u015b\u0107 ABS z \u0142atwo\u015bci\u0105 PLA. Jest lekko elastyczny, bardzo wytrzyma\u0142y i odporny na wilgo\u0107 i chemikalia \u2013 \u015bwietny do wydruk\u00f3w funkcjonalnych i zewn\u0119trznych.<\/b><\/p>\n<\/div>\n<div class=\"mgn2_16 _0d3bd_5pK0q\">\n<p class=\"def\"><strong><span class=\"def\">Zastosowanie PETG<\/span><\/strong><\/p>\n<p class=\"def\"><span class=\"def\">Ze wzgl\u0119du na \u0142atwo\u015b\u0107 druku i odporno\u015b\u0107 chemiczn\u0105 PETG ma wiele zastosowa\u0144. Jest cz\u0119sto u\u017cywany do produkcji pojemnik\u00f3w na \u017cywno\u015b\u0107 i pojemnik\u00f3w na p\u0142yny. Materia\u0142 ten znajduje r\u00f3wnie\u017c szerokie zastosowanie w medycynie: jego sztywna konstrukcja pozwala spe\u0142ni\u0107 rygorystyczne procesy sterylizacji, co czyni go idealnym materia\u0142em do stosowania w implantach medycznych, a tak\u017ce do pakowania wyrob\u00f3w farmaceutycznych . Wysoki poziom odporno\u015bci na substancje agresywne pomaga r\u00f3wnie\u017c w wykorzystaniu go w mechanizmach ruchomych. Cz\u0119sto stosowany jest w robotyce.<\/span><\/p>\n<p class=\"def\"><strong><span class=\"def\">Wskaz\u00f3wki dotycz\u0105ce druku z PETG<\/span><\/strong><\/p>\n<p class=\"def\"><span class=\"def\">Wa\u017cne jest, aby u\u017cywa\u0107 aktywnej wentylacji lub cho\u0107by wentylatora, aby uzyska\u0107 wysokiej jako\u015bci wydruki. Pomo\u017ce to zapobiec powstawaniu smug i zwisaj\u0105cych nitek. Najlepiej jednak wy\u0142\u0105czy\u0107 wentylator podczas drukowania pierwszej warstwy &#8211; dzi\u0119ki temu zwi\u0119kszysz przyczepno\u015b\u0107 warstw.<\/span><\/p>\n<p class=\"def\"><span class=\"def\">Kolejnym wa\u017cnym parametrem jest czysto\u015b\u0107 dyszy. Czyszczenie powierzchni przed ka\u017cdym wydrukiem to gwarancja, \u017ce przedmiot zostanie bez problemu wyj\u0119ty z platformy w stanie nieuszkodzonym.<\/span><\/p>\n<p class=\"def\"><span class=\"def\">Pami\u0119taj, \u017ce PETG jest plastikiem mocno poch\u0142aniaj\u0105cym wilgo\u0107. Przed drukowaniem nale\u017cy go odpowiednio wysuszy\u0107 i przechowywa\u0107 zgodnie ze wszystkimi zasadami i wymaganiami producenta.<\/span><\/p>\n<p class=\"def\"><span class=\"def\">W przeciwnym razie plastik wch\u0142onie zbyt du\u017co wilgoci.<\/span><\/p>\n<\/div>\n<\/div>\n<\/div>\n","protected":false},"excerpt":{"rendered":"<div class=\"mpof_ki myre_zn myre_8v_l _0d3bd_YrWCD\">\n<div class=\"mp4t_16_s mryx_16_s mr3m_1 mli2_1 mh85_56 mh85_0_l\">\n<div class=\"mgn2_16 _0d3bd_5pK0q\">\n<p>PETG to przemys\u0142owy materia\u0142 do drukowania 3D przeznaczony do pracy w ekstremalnych warunkach. Odporny na oleje i t\u0142uszcze. Ponadto filament nie jest biodegradowalny ale poddaje si\u0119 recyclingowi. Jest r\u00f3wnie\u017c odporny na dzia\u0142anie promieniowania UV.<\/p>\n<\/div>\n<\/div>\n<\/div>\n<div class=\"mpof_ki myre_zn myre_8v_l _0d3bd_YrWCD\">\n<div class=\"mp4t_16_s mryx_16_s mr3m_1 mli2_1 mh85_56 mh85_0_l\">\n<div class=\"mgn2_16 _0d3bd_5pK0q\">\n<p>&nbsp;<\/p>\n<\/div>\n<\/div>\n<\/div>\n","protected":false},"featured_media":3606,"comment_status":"open","ping_status":"closed","template":"","meta":[],"product_brand":[],"product_cat":[17,130],"product_tag":[],"class_list":{"0":"post-3593","1":"product","2":"type-product","3":"status-publish","4":"has-post-thumbnail","6":"product_cat-filamenty","7":"product_cat-petg","9":"first","10":"instock","11":"taxable","12":"shipping-taxable","13":"purchasable","14":"product-type-variable"},"_links":{"self":[{"href":"https:\/\/3d-innowacje.pl\/sklep\/wp-json\/wp\/v2\/product\/3593","targetHints":{"allow":["GET"]}}],"collection":[{"href":"https:\/\/3d-innowacje.pl\/sklep\/wp-json\/wp\/v2\/product"}],"about":[{"href":"https:\/\/3d-innowacje.pl\/sklep\/wp-json\/wp\/v2\/types\/product"}],"replies":[{"embeddable":true,"href":"https:\/\/3d-innowacje.pl\/sklep\/wp-json\/wp\/v2\/comments?post=3593"}],"wp:featuredmedia":[{"embeddable":true,"href":"https:\/\/3d-innowacje.pl\/sklep\/wp-json\/wp\/v2\/media\/3606"}],"wp:attachment":[{"href":"https:\/\/3d-innowacje.pl\/sklep\/wp-json\/wp\/v2\/media?parent=3593"}],"wp:term":[{"taxonomy":"product_brand","embeddable":true,"href":"https:\/\/3d-innowacje.pl\/sklep\/wp-json\/wp\/v2\/product_brand?post=3593"},{"taxonomy":"product_cat","embeddable":true,"href":"https:\/\/3d-innowacje.pl\/sklep\/wp-json\/wp\/v2\/product_cat?post=3593"},{"taxonomy":"product_tag","embeddable":true,"href":"https:\/\/3d-innowacje.pl\/sklep\/wp-json\/wp\/v2\/product_tag?post=3593"}],"curies":[{"name":"wp","href":"https:\/\/api.w.org\/{rel}","templated":true}]}}