{"id":36,"date":"2021-01-02T17:01:58","date_gmt":"2021-01-02T16:01:58","guid":{"rendered":"http:\/\/www.3d-innowacje.pl\/sklep\/?post_type=product&#038;p=36"},"modified":"2022-12-16T19:16:58","modified_gmt":"2022-12-16T18:16:58","slug":"mocowanie-weza-swietlnego-led-waz-swietlny-uchwyt","status":"publish","type":"product","link":"https:\/\/3d-innowacje.pl\/sklep\/produkt\/wydruki-3d\/dom-i-ogrod\/mocowanie-weza-swietlnego-led-waz-swietlny-uchwyt\/","title":{"rendered":"Mocowanie w\u0119\u017ca \u015bwietlnego LED- w\u0105\u017c \u015bwietlny uchwyt"},"content":{"rendered":"<p>Oferta dotyczy zakupu\u00a0 zestawu sk\u0142adaj\u0105cego si\u011910szt. klips\u00f3w do szybkiego mocowania w\u0119\u017ca \u015bwietlnego led wok\u00f3\u0142 domu, pod rynnami. Monta\u017c na zatrzask eliminuje potrzeb\u0119 u\u017cywania jakichkolwiek narz\u0119dzi i u\u0142atwia prace na wysoko\u015bciach. Klipsy przewidziane s\u0105 do monta\u017cu w\u0119\u017cy led o \u015brednicy 10mm. Monta\u017c pod rynnami, miedzy blach\u0105 opaskow\u0105 podrynnow\u0105 a podbitk\u0105. Przed zakupem prosz\u0119 sprawdzi\u0107 szczelin\u0119 mi\u0119dzy blach\u0105 a podbitk\u0105. Przy szczelinie 0-2mm prosz\u0119 wybra\u0107 wariant A, natomiast przy szczelinie 3-6mm wariant B. Domy\u015blnym kolorem jest br\u0105zowy.<\/p>\n","protected":false},"excerpt":{"rendered":"<p>Uchwyt do szybkiego monta\u017cu \u015bwietlnego w\u0119\u017ca LED.<\/p>\n","protected":false},"featured_media":1823,"comment_status":"open","ping_status":"closed","template":"","meta":[],"product_brand":[],"product_cat":[53],"product_tag":[55],"class_list":{"0":"post-36","1":"product","2":"type-product","3":"status-publish","4":"has-post-thumbnail","6":"product_cat-dom-i-ogrod","7":"product_tag-uchwyt-led","9":"first","10":"instock","11":"taxable","12":"shipping-taxable","13":"purchasable","14":"product-type-simple"},"_links":{"self":[{"href":"https:\/\/3d-innowacje.pl\/sklep\/wp-json\/wp\/v2\/product\/36","targetHints":{"allow":["GET"]}}],"collection":[{"href":"https:\/\/3d-innowacje.pl\/sklep\/wp-json\/wp\/v2\/product"}],"about":[{"href":"https:\/\/3d-innowacje.pl\/sklep\/wp-json\/wp\/v2\/types\/product"}],"replies":[{"embeddable":true,"href":"https:\/\/3d-innowacje.pl\/sklep\/wp-json\/wp\/v2\/comments?post=36"}],"wp:featuredmedia":[{"embeddable":true,"href":"https:\/\/3d-innowacje.pl\/sklep\/wp-json\/wp\/v2\/media\/1823"}],"wp:attachment":[{"href":"https:\/\/3d-innowacje.pl\/sklep\/wp-json\/wp\/v2\/media?parent=36"}],"wp:term":[{"taxonomy":"product_brand","embeddable":true,"href":"https:\/\/3d-innowacje.pl\/sklep\/wp-json\/wp\/v2\/product_brand?post=36"},{"taxonomy":"product_cat","embeddable":true,"href":"https:\/\/3d-innowacje.pl\/sklep\/wp-json\/wp\/v2\/product_cat?post=36"},{"taxonomy":"product_tag","embeddable":true,"href":"https:\/\/3d-innowacje.pl\/sklep\/wp-json\/wp\/v2\/product_tag?post=36"}],"curies":[{"name":"wp","href":"https:\/\/api.w.org\/{rel}","templated":true}]}}