{"id":3756,"date":"2026-02-24T12:52:49","date_gmt":"2026-02-24T11:52:49","guid":{"rendered":"https:\/\/3d-innowacje.pl\/sklep\/?post_type=product&#038;p=3756"},"modified":"2026-02-24T13:16:28","modified_gmt":"2026-02-24T12:16:28","slug":"filament-1-75-mm-5kg-petg-black-czarny","status":"publish","type":"product","link":"https:\/\/3d-innowacje.pl\/sklep\/produkt\/materialy-do-druku\/filamenty\/filament-1-75-mm-5kg-petg-black-czarny\/","title":{"rendered":"Profesional Lab 1.75 mm 5kg PETG Black Czarny"},"content":{"rendered":"<div class=\"mpof_ki myre_zn myre_8v_l _0d3bd_YrWCD\">\n<div class=\"mp4t_16_s mryx_16_s mr3m_1 mli2_1 mh85_56 mh85_0_l\">\n<div class=\"mgn2_16 _0d3bd_5pK0q\">\n<p><b>Opis:<br \/>\n<\/b><\/p>\n<div class=\"mpof_ki myre_zn myre_8v_l m389_6m_l\">\n<div class=\"mp4t_16_s mryx_16_s mr3m_1 mli2_1 mh85_56 mh85_0_l\">\n<div class=\"mgn2_16 _0d3bd_am0a-\">\n<p>PETG (politereftalan etylenu z domieszk\u0105 glikolu) to innowacyjny materia\u0142, kt\u00f3ry \u0142\u0105czy najlepsze cechy PLA i ABS. Dzi\u0119ki swojej wyj\u0105tkowej wytrzyma\u0142o\u015bci mechanicznej, odporno\u015bci na uderzenia i elastyczno\u015bci, PETG jest mniej podatny na p\u0119kanie, oferuj\u0105c niezr\u00f3wnan\u0105 trwa\u0142o\u015b\u0107.<\/p>\n<ul>\n<li>Materia\u0142: PETG<\/li>\n<li>\u015arednica: 1,75mm<\/li>\n<li>Tolerancja wymiarowa: +\/-0,02mm<\/li>\n<li>Producent: Profesional Lab<\/li>\n<li>Waga: 5kg<\/li>\n<\/ul>\n<p>Filament nawini\u0119ty na szpuli, zapakowany pr\u00f3\u017cniowo wraz z poch\u0142aniaczem wilgoci.<\/p>\n<p>&nbsp;<\/p>\n<p><b>Zalecenia:<\/b><\/p>\n<p>Optymalna temperatura druku zale\u017cy od konkretnego modelu drukarki, pr\u0119dko\u015bci druku, zastosowanego systemu ch\u0142odzenia oraz innych parametr\u00f3w. Podane warto\u015bci nale\u017cy traktowa\u0107 jedynie jako orientacyjne wytyczne.<\/p>\n<ul>\n<li>Temperatura g\u0142owicy: 230\u2013240\u00b0C,\u00a0Pr\u0119dko\u015bci drukowania 50\u2013100 mm\/s.<\/li>\n<li>Temperatura g\u0142owicy: 240\u2013260\u00b0C, Pr\u0119dko\u015bci drukowania 100\u2013200 mm\/s.<\/li>\n<li><b>Higroskopijno\u015b\u0107:<\/b>\u00a0Filament powinien by\u0107 przechowywany w suchym miejscu, aby unikn\u0105\u0107 pogorszenia jako\u015bci druku.<\/li>\n<\/ul>\n<\/div>\n<\/div>\n<\/div>\n<\/div>\n<\/div>\n<div class=\"mp4t_16_s mryx_16_s mr3m_1 mli2_1 mh85_56 mh85_0_l\">\n<div class=\"mg9e_8 mg9e_0_s mvrt_0_s mj7a_8 mj7a_0_s mh36_0_s mzmg_6m munh_16_l m3h2_16_l\">\n<div class=\"mp4t_0 mryx_0 munh_56 m3h2_56\">\n<div class=\"mp7g_oh\"><\/div>\n<\/div>\n<\/div>\n<\/div>\n<\/div>\n<div class=\"mpof_ki myre_zn myre_8v_l _0d3bd_YrWCD\">\n<div class=\"mp4t_16_s mryx_16_s mr3m_1 mli2_1 mh85_56 mh85_0_l\">\n<div class=\"mgn2_16 _0d3bd_5pK0q\"><\/div>\n<\/div>\n<\/div>\n<div class=\"mpof_ki myre_zn myre_8v_l _0d3bd_YrWCD\">\n<div class=\"mp4t_16_s mryx_16_s mr3m_1 mli2_1 mh85_56 mh85_0_l\">\n<div class=\"mgn2_16 _0d3bd_5pK0q\">\n<p>&nbsp;<\/p>\n<\/div>\n<\/div>\n<\/div>\n","protected":false},"excerpt":{"rendered":"<div class=\"mpof_ki myre_zn myre_8v_l _0d3bd_YrWCD\">\n<div class=\"mp4t_16_s mryx_16_s mr3m_1 mli2_1 mh85_56 mh85_0_l\">\n<div class=\"mgn2_16 _0d3bd_5pK0q\">\n<p>PETG (politereftalan etylenu z domieszk\u0105 glikolu) to innowacyjny materia\u0142, kt\u00f3ry \u0142\u0105czy najlepsze cechy PLA i ABS. Dzi\u0119ki swojej wyj\u0105tkowej wytrzyma\u0142o\u015bci mechanicznej, odporno\u015bci na uderzenia i elastyczno\u015bci, PETG jest mniej podatny na p\u0119kanie, oferuj\u0105c niezr\u00f3wnan\u0105 trwa\u0142o\u015b\u0107.<\/p>\n<\/div>\n<\/div>\n<\/div>\n<div class=\"mpof_ki myre_zn myre_8v_l _0d3bd_YrWCD\">\n<div class=\"mp4t_16_s mryx_16_s mr3m_1 mli2_1 mh85_56 mh85_0_l\">\n<div class=\"mgn2_16 _0d3bd_5pK0q\">\n<p>&nbsp;<\/p>\n<\/div>\n<\/div>\n<\/div>\n","protected":false},"featured_media":3757,"comment_status":"open","ping_status":"closed","template":"","meta":[],"product_brand":[],"product_cat":[17,130],"product_tag":[],"class_list":{"0":"post-3756","1":"product","2":"type-product","3":"status-publish","4":"has-post-thumbnail","6":"product_cat-filamenty","7":"product_cat-petg","9":"first","10":"outofstock","11":"taxable","12":"shipping-taxable","13":"purchasable","14":"product-type-simple"},"_links":{"self":[{"href":"https:\/\/3d-innowacje.pl\/sklep\/wp-json\/wp\/v2\/product\/3756","targetHints":{"allow":["GET"]}}],"collection":[{"href":"https:\/\/3d-innowacje.pl\/sklep\/wp-json\/wp\/v2\/product"}],"about":[{"href":"https:\/\/3d-innowacje.pl\/sklep\/wp-json\/wp\/v2\/types\/product"}],"replies":[{"embeddable":true,"href":"https:\/\/3d-innowacje.pl\/sklep\/wp-json\/wp\/v2\/comments?post=3756"}],"wp:featuredmedia":[{"embeddable":true,"href":"https:\/\/3d-innowacje.pl\/sklep\/wp-json\/wp\/v2\/media\/3757"}],"wp:attachment":[{"href":"https:\/\/3d-innowacje.pl\/sklep\/wp-json\/wp\/v2\/media?parent=3756"}],"wp:term":[{"taxonomy":"product_brand","embeddable":true,"href":"https:\/\/3d-innowacje.pl\/sklep\/wp-json\/wp\/v2\/product_brand?post=3756"},{"taxonomy":"product_cat","embeddable":true,"href":"https:\/\/3d-innowacje.pl\/sklep\/wp-json\/wp\/v2\/product_cat?post=3756"},{"taxonomy":"product_tag","embeddable":true,"href":"https:\/\/3d-innowacje.pl\/sklep\/wp-json\/wp\/v2\/product_tag?post=3756"}],"curies":[{"name":"wp","href":"https:\/\/api.w.org\/{rel}","templated":true}]}}